{"id":10192,"date":"2023-08-20T23:09:20","date_gmt":"2023-08-20T20:09:20","guid":{"rendered":"https:\/\/fluterm.eu\/prod\/pe-rt-5-skiktsror-for-golvvarme-16x2-livstidsgaranti\/"},"modified":"2023-09-06T13:41:27","modified_gmt":"2023-09-06T10:41:27","slug":"pe-rt-5-skiktsror-for-golvvarme-16x2-livstidsgaranti","status":"publish","type":"product","link":"https:\/\/fluterm.eu\/sv\/prod\/pe-rt-5-skiktsror-for-golvvarme-16x2-livstidsgaranti\/","title":{"rendered":"Pe-Rt 5-skiktsr\u00f6r f\u00f6r golvv\u00e4rme 16\u00d72 Livstidsgaranti"},"content":{"rendered":"<p><strong>Vi kan klippa hur l\u00e5ngt som helst, tillhandah\u00e5ll bara materialet.<\/strong><\/p>\n<table class=\"table table-light table-bordered\" width=\"586\">\n<tbody>\n<tr>\n<td>Tillverkare:<\/td>\n<td>Mplast<\/td>\n<\/tr>\n<tr>\n<td>Diameter:<\/td>\n<td>16 mm<\/td>\n<\/tr>\n<tr>\n<td>Material:<\/td>\n<td>pe-rt<\/td>\n<\/tr>\n<tr>\n<td>Max. arbetstemperatur:<\/p>\n<p>Oxigen barri\u00e4r<\/td>\n<td>70 \u00b0C<\/p>\n<p>&nbsp;<\/td>\n<\/tr>\n<\/tbody>\n<\/table>\n","protected":false},"excerpt":{"rendered":"<p>Vi kan klippa hur l\u00e5ngt som helst, tillhandah\u00e5ll bara materialet. Tillverkare: Mplast Diameter: 16 mm Material: pe-rt Max. arbetstemperatur: Oxigen barri\u00e4r 70 \u00b0C &nbsp;<\/p>\n","protected":false},"featured_media":10203,"comment_status":"open","ping_status":"closed","template":"","meta":[],"product_cat":[858],"product_tag":[],"class_list":{"0":"post-10192","1":"product","2":"type-product","3":"status-publish","4":"has-post-thumbnail","6":"product_cat-ror-for-golvvarme","8":"first","9":"instock","10":"taxable","11":"shipping-taxable","12":"purchasable","13":"product-type-simple","14":"col-xs-6 col-sm-4","15":"col-md-4 col-lg-4","16":"un-3-cols"},"acf":[],"yoast_head":"<!-- This site is optimized with the Yoast SEO plugin v21.2 - https:\/\/yoast.com\/wordpress\/plugins\/seo\/ -->\n<title>Pe-Rt 5-skiktsr\u00f6r f\u00f6r golvv\u00e4rme 16\u00d72 Livstidsgaranti<\/title>\n<meta name=\"description\" content=\"Order Pe-Rt 5-skiktsr\u00f6r f\u00f6r golvv\u00e4rme 16\u00d72 Livstidsgaranti at a best price.\" \/>\n<meta name=\"robots\" content=\"index, follow, max-snippet:-1, max-image-preview:large, max-video-preview:-1\" \/>\n<link rel=\"canonical\" href=\"https:\/\/fluterm.eu\/sv\/prod\/pe-rt-5-skiktsror-for-golvvarme-16x2-livstidsgaranti\/\" \/>\n<meta property=\"og:locale\" content=\"sv_SE\" \/>\n<meta property=\"og:type\" content=\"article\" \/>\n<meta property=\"og:title\" content=\"Pe-Rt 5-skiktsr\u00f6r f\u00f6r golvv\u00e4rme 16\u00d72 Livstidsgaranti\" \/>\n<meta property=\"og:description\" content=\"Order Pe-Rt 5-skiktsr\u00f6r f\u00f6r golvv\u00e4rme 16\u00d72 Livstidsgaranti at a best price.\" \/>\n<meta property=\"og:url\" content=\"https:\/\/fluterm.eu\/sv\/prod\/pe-rt-5-skiktsror-for-golvvarme-16x2-livstidsgaranti\/\" \/>\n<meta property=\"og:site_name\" content=\"fluterm.eu\" \/>\n<meta property=\"article:modified_time\" content=\"2023-09-06T10:41:27+00:00\" \/>\n<meta property=\"og:image\" content=\"https:\/\/fluterm.eu\/wp-content\/uploads\/2023\/08\/A99D9A0F-0160-4DC5-8CC2-367813DA143D_4_5005_c.jpeg\" \/>\n\t<meta property=\"og:image:width\" content=\"224\" \/>\n\t<meta property=\"og:image:height\" content=\"224\" \/>\n\t<meta property=\"og:image:type\" content=\"image\/jpeg\" \/>\n<meta name=\"twitter:card\" content=\"summary_large_image\" \/>\n<script type=\"application\/ld+json\" class=\"yoast-schema-graph\">{\"@context\":\"https:\/\/schema.org\",\"@graph\":[{\"@type\":\"WebPage\",\"@id\":\"https:\/\/fluterm.eu\/sv\/prod\/pe-rt-5-skiktsror-for-golvvarme-16x2-livstidsgaranti\/\",\"url\":\"https:\/\/fluterm.eu\/sv\/prod\/pe-rt-5-skiktsror-for-golvvarme-16x2-livstidsgaranti\/\",\"name\":\"Pe-Rt 5-skiktsr\u00f6r f\u00f6r golvv\u00e4rme 16\u00d72 Livstidsgaranti\",\"isPartOf\":{\"@id\":\"https:\/\/fluterm.eu\/#website\"},\"datePublished\":\"2023-08-20T20:09:20+00:00\",\"dateModified\":\"2023-09-06T10:41:27+00:00\",\"description\":\"Order Pe-Rt 5-skiktsr\u00f6r f\u00f6r golvv\u00e4rme 16\u00d72 Livstidsgaranti at a best price.\",\"breadcrumb\":{\"@id\":\"https:\/\/fluterm.eu\/sv\/prod\/pe-rt-5-skiktsror-for-golvvarme-16x2-livstidsgaranti\/#breadcrumb\"},\"inLanguage\":\"sv-SE\",\"potentialAction\":[{\"@type\":\"ReadAction\",\"target\":[\"https:\/\/fluterm.eu\/sv\/prod\/pe-rt-5-skiktsror-for-golvvarme-16x2-livstidsgaranti\/\"]}]},{\"@type\":\"BreadcrumbList\",\"@id\":\"https:\/\/fluterm.eu\/sv\/prod\/pe-rt-5-skiktsror-for-golvvarme-16x2-livstidsgaranti\/#breadcrumb\",\"itemListElement\":[{\"@type\":\"ListItem\",\"position\":1,\"name\":\"Home\",\"item\":\"https:\/\/fluterm.eu\/sv\/butik\/\"},{\"@type\":\"ListItem\",\"position\":2,\"name\":\"Butik\",\"item\":\"https:\/\/fluterm.eu\/sv\/butik\/\"},{\"@type\":\"ListItem\",\"position\":3,\"name\":\"Pe-Rt 5-skiktsr\u00f6r f\u00f6r golvv\u00e4rme 16\u00d72 Livstidsgaranti\"}]},{\"@type\":\"WebSite\",\"@id\":\"https:\/\/fluterm.eu\/#website\",\"url\":\"https:\/\/fluterm.eu\/\",\"name\":\"fluterm.eu\",\"description\":\"\",\"potentialAction\":[{\"@type\":\"SearchAction\",\"target\":{\"@type\":\"EntryPoint\",\"urlTemplate\":\"https:\/\/fluterm.eu\/?s={search_term_string}\"},\"query-input\":\"required name=search_term_string\"}],\"inLanguage\":\"sv-SE\"}]}<\/script>\n<!-- \/ Yoast SEO plugin. -->","yoast_head_json":{"title":"Pe-Rt 5-skiktsr\u00f6r f\u00f6r golvv\u00e4rme 16\u00d72 Livstidsgaranti","description":"Order Pe-Rt 5-skiktsr\u00f6r f\u00f6r golvv\u00e4rme 16\u00d72 Livstidsgaranti at a best price.","robots":{"index":"index","follow":"follow","max-snippet":"max-snippet:-1","max-image-preview":"max-image-preview:large","max-video-preview":"max-video-preview:-1"},"canonical":"https:\/\/fluterm.eu\/sv\/prod\/pe-rt-5-skiktsror-for-golvvarme-16x2-livstidsgaranti\/","og_locale":"sv_SE","og_type":"article","og_title":"Pe-Rt 5-skiktsr\u00f6r f\u00f6r golvv\u00e4rme 16\u00d72 Livstidsgaranti","og_description":"Order Pe-Rt 5-skiktsr\u00f6r f\u00f6r golvv\u00e4rme 16\u00d72 Livstidsgaranti at a best price.","og_url":"https:\/\/fluterm.eu\/sv\/prod\/pe-rt-5-skiktsror-for-golvvarme-16x2-livstidsgaranti\/","og_site_name":"fluterm.eu","article_modified_time":"2023-09-06T10:41:27+00:00","og_image":[{"width":224,"height":224,"url":"https:\/\/fluterm.eu\/wp-content\/uploads\/2023\/08\/A99D9A0F-0160-4DC5-8CC2-367813DA143D_4_5005_c.jpeg","type":"image\/jpeg"}],"twitter_card":"summary_large_image","schema":{"@context":"https:\/\/schema.org","@graph":[{"@type":"WebPage","@id":"https:\/\/fluterm.eu\/sv\/prod\/pe-rt-5-skiktsror-for-golvvarme-16x2-livstidsgaranti\/","url":"https:\/\/fluterm.eu\/sv\/prod\/pe-rt-5-skiktsror-for-golvvarme-16x2-livstidsgaranti\/","name":"Pe-Rt 5-skiktsr\u00f6r f\u00f6r golvv\u00e4rme 16\u00d72 Livstidsgaranti","isPartOf":{"@id":"https:\/\/fluterm.eu\/#website"},"datePublished":"2023-08-20T20:09:20+00:00","dateModified":"2023-09-06T10:41:27+00:00","description":"Order Pe-Rt 5-skiktsr\u00f6r f\u00f6r golvv\u00e4rme 16\u00d72 Livstidsgaranti at a best price.","breadcrumb":{"@id":"https:\/\/fluterm.eu\/sv\/prod\/pe-rt-5-skiktsror-for-golvvarme-16x2-livstidsgaranti\/#breadcrumb"},"inLanguage":"sv-SE","potentialAction":[{"@type":"ReadAction","target":["https:\/\/fluterm.eu\/sv\/prod\/pe-rt-5-skiktsror-for-golvvarme-16x2-livstidsgaranti\/"]}]},{"@type":"BreadcrumbList","@id":"https:\/\/fluterm.eu\/sv\/prod\/pe-rt-5-skiktsror-for-golvvarme-16x2-livstidsgaranti\/#breadcrumb","itemListElement":[{"@type":"ListItem","position":1,"name":"Home","item":"https:\/\/fluterm.eu\/sv\/butik\/"},{"@type":"ListItem","position":2,"name":"Butik","item":"https:\/\/fluterm.eu\/sv\/butik\/"},{"@type":"ListItem","position":3,"name":"Pe-Rt 5-skiktsr\u00f6r f\u00f6r golvv\u00e4rme 16\u00d72 Livstidsgaranti"}]},{"@type":"WebSite","@id":"https:\/\/fluterm.eu\/#website","url":"https:\/\/fluterm.eu\/","name":"fluterm.eu","description":"","potentialAction":[{"@type":"SearchAction","target":{"@type":"EntryPoint","urlTemplate":"https:\/\/fluterm.eu\/?s={search_term_string}"},"query-input":"required name=search_term_string"}],"inLanguage":"sv-SE"}]}},"_links":{"self":[{"href":"https:\/\/fluterm.eu\/sv\/wp-json\/wp\/v2\/product\/10192","targetHints":{"allow":["GET"]}}],"collection":[{"href":"https:\/\/fluterm.eu\/sv\/wp-json\/wp\/v2\/product"}],"about":[{"href":"https:\/\/fluterm.eu\/sv\/wp-json\/wp\/v2\/types\/product"}],"replies":[{"embeddable":true,"href":"https:\/\/fluterm.eu\/sv\/wp-json\/wp\/v2\/comments?post=10192"}],"version-history":[{"count":1,"href":"https:\/\/fluterm.eu\/sv\/wp-json\/wp\/v2\/product\/10192\/revisions"}],"predecessor-version":[{"id":13935,"href":"https:\/\/fluterm.eu\/sv\/wp-json\/wp\/v2\/product\/10192\/revisions\/13935"}],"wp:featuredmedia":[{"embeddable":true,"href":"https:\/\/fluterm.eu\/sv\/wp-json\/wp\/v2\/media\/10203"}],"wp:attachment":[{"href":"https:\/\/fluterm.eu\/sv\/wp-json\/wp\/v2\/media?parent=10192"}],"wp:term":[{"taxonomy":"product_cat","embeddable":true,"href":"https:\/\/fluterm.eu\/sv\/wp-json\/wp\/v2\/product_cat?post=10192"},{"taxonomy":"product_tag","embeddable":true,"href":"https:\/\/fluterm.eu\/sv\/wp-json\/wp\/v2\/product_tag?post=10192"}],"curies":[{"name":"wp","href":"https:\/\/api.w.org\/{rel}","templated":true}]}}