{"id":10350,"date":"2023-08-20T23:01:46","date_gmt":"2023-08-20T20:01:46","guid":{"rendered":"https:\/\/fluterm.eu\/prod\/17x2mm-pex-a-golvvarmeror-livstidsgaranti\/"},"modified":"2023-09-06T13:41:28","modified_gmt":"2023-09-06T10:41:28","slug":"17x2mm-pex-a-golvvarmeror-livstidsgaranti","status":"publish","type":"product","link":"https:\/\/fluterm.eu\/sv\/prod\/17x2mm-pex-a-golvvarmeror-livstidsgaranti\/","title":{"rendered":"17x2mm PEX-A golvv\u00e4rmer\u00f6r Livstidsgaranti"},"content":{"rendered":"<p><span class=\"Y2IQFc\" lang=\"en\">  R\u00f6ret med syrebarri\u00e4r \u00e4r ett polyetenr\u00f6r som tv\u00e4rbundits med peroxid TRIGONOX 311 (Akzo Nobel).<br \/>\nGenom den speciella tv\u00e4rbindningsprocessen f\u00f6renas polyetenmolekylerna i en tredimensionell struktur som ger r\u00f6ren motst\u00e5ndskraft och h\u00e5llbarhet, \u00f6verl\u00e4gsna mekaniska och termiska egenskaper f\u00f6r anv\u00e4ndning i v\u00e4rmeinstallationer. Pex-a polyetenr\u00f6r har en h\u00f6g tv\u00e4rbindningsfaktor (&gt;70%) f\u00f6r \u00f6verl\u00e4gsen best\u00e4ndighet \u00f6ver tid. Tv\u00e4rbindningstekniken med peroxid ger ett t\u00e4tare PE-Xa-r\u00f6r med utm\u00e4rkta mekaniska egenskaper tack vare<br \/>\nde kortare molekylbindningarna j\u00e4mf\u00f6rt med polyeten som tv\u00e4rbundits med andra processer. Samtidigt finns det<br \/>\nhar ocks\u00e5 f\u00f6rdelen av en b\u00e4ttre kontrollerad retikulering eftersom den sker under extruderingen och omedelbart efter<br \/>\ndet. F\u00f6r att skapa syrebarri\u00e4ren anv\u00e4nds sampolymeren EVOH (etylen &#8211; vinylalkohol), som tills\u00e4tts till hela<br \/>\nr\u00f6rets yttre yta. Den har tre syrebarri\u00e4rskikt (EVOH) som \u00e4r sammanfogade med specifika lim (maleic<br \/>\nanhydrid). Syrebarri\u00e4rens roll: f\u00f6rhindrar bildandet av mikroorganismer som skulle kunna s\u00e4tta sig p\u00e5 r\u00f6rens innerv\u00e4ggar; minskar korrosionen av de metallelement som v\u00e4rmevattnet kommer i kontakt med (uppv\u00e4rmning och korsning<br \/>\nutrustning); den skyddar r\u00f6ret fr\u00e5n fria syreatomer som kan kombineras med v\u00e4teatomer fr\u00e5n den molekyl\u00e4ra strukturen hos<br \/>\npolyeten och som med tiden leder till att r\u00f6ren \u00e5ldras. Gasdiffusionshastigheten m\u00e4ts i cm3 gas som passerar genom den 20 mikrometer tjocka polymerfilmen p\u00e5 en<br \/>\nyta p\u00e5 1 m2 under 24 timmar. Beteendet f\u00f6r EVOH och polymer \u00e4r: EVOH &#8211; 0,2; PE &#8211; 12 000. Skillnaden \u00e4r mycket mindre n\u00e4r det g\u00e4ller sampolymeren och f\u00f6rklarar d\u00e4rmed behovet av att anv\u00e4nda PEX med en syre<br \/>\nbarri\u00e4r! Tekniska specifikationer: m\u00e5tt: 17\u00d72 mm; nominellt tryck: 10 bar. v\u00e4rmeledningsf\u00f6rm\u00e5ga: 0,38 W\/m2K; maximal temperatur f\u00f6r arbetsv\u00e4tskan: + 90\u00baC; 600m spole.<br \/>\n<strong><span style=\"color: #ff0000;\">  vi sk\u00e4r hur mycket du beh\u00f6ver<\/span><\/strong><\/span><\/p>\n","protected":false},"excerpt":{"rendered":"<p>R\u00f6ret med syrebarri\u00e4r \u00e4r ett polyetenr\u00f6r som tv\u00e4rbundits med peroxid TRIGONOX 311 (Akzo Nobel). Genom den speciella tv\u00e4rbindningsprocessen f\u00f6renas polyetenmolekylerna i en tredimensionell struktur som ger r\u00f6ren motst\u00e5ndskraft och h\u00e5llbarhet, \u00f6verl\u00e4gsna mekaniska och termiska egenskaper f\u00f6r anv\u00e4ndning i v\u00e4rmeinstallationer. Pex-a polyetenr\u00f6r har en h\u00f6g tv\u00e4rbindningsfaktor (&gt;70%) f\u00f6r \u00f6verl\u00e4gsen best\u00e4ndighet \u00f6ver tid. Tv\u00e4rbindningstekniken med peroxid ger&hellip;<\/p>\n","protected":false},"featured_media":2582,"comment_status":"closed","ping_status":"closed","template":"","meta":[],"product_cat":[858],"product_tag":[],"class_list":{"0":"post-10350","1":"product","2":"type-product","3":"status-publish","4":"has-post-thumbnail","6":"product_cat-ror-for-golvvarme","8":"first","9":"instock","10":"sale","11":"taxable","12":"shipping-taxable","13":"purchasable","14":"product-type-simple","15":"col-xs-6 col-sm-4","16":"col-md-4 col-lg-4","17":"un-3-cols"},"acf":[],"yoast_head":"<!-- This site is optimized with the Yoast SEO plugin v21.2 - https:\/\/yoast.com\/wordpress\/plugins\/seo\/ -->\n<title>17x2mm PEX-A golvv\u00e4rmer\u00f6r Livstidsgaranti<\/title>\n<meta name=\"description\" content=\"Order 17x2mm PEX-A golvv\u00e4rmer\u00f6r Livstidsgaranti at a best price.\" \/>\n<meta name=\"robots\" content=\"index, follow, max-snippet:-1, max-image-preview:large, max-video-preview:-1\" \/>\n<link rel=\"canonical\" href=\"https:\/\/fluterm.eu\/sv\/prod\/17x2mm-pex-a-golvvarmeror-livstidsgaranti\/\" \/>\n<meta property=\"og:locale\" content=\"sv_SE\" \/>\n<meta property=\"og:type\" content=\"article\" \/>\n<meta property=\"og:title\" content=\"17x2mm PEX-A golvv\u00e4rmer\u00f6r Livstidsgaranti\" \/>\n<meta property=\"og:description\" content=\"Order 17x2mm PEX-A golvv\u00e4rmer\u00f6r Livstidsgaranti at a best price.\" \/>\n<meta property=\"og:url\" content=\"https:\/\/fluterm.eu\/sv\/prod\/17x2mm-pex-a-golvvarmeror-livstidsgaranti\/\" \/>\n<meta property=\"og:site_name\" content=\"fluterm.eu\" \/>\n<meta property=\"article:modified_time\" content=\"2023-09-06T10:41:28+00:00\" \/>\n<meta property=\"og:image\" content=\"https:\/\/fluterm.eu\/wp-content\/uploads\/2023\/06\/teava-incalzire-pardoseala-16x2-pe-rt-herz-colac-600m_1544.jpeg\" \/>\n\t<meta property=\"og:image:width\" content=\"900\" \/>\n\t<meta property=\"og:image:height\" content=\"500\" \/>\n\t<meta property=\"og:image:type\" content=\"image\/jpeg\" \/>\n<meta name=\"twitter:card\" content=\"summary_large_image\" \/>\n<meta name=\"twitter:label1\" content=\"Ber\u00e4knad l\u00e4stid\" \/>\n\t<meta name=\"twitter:data1\" content=\"2 minuter\" \/>\n<script type=\"application\/ld+json\" class=\"yoast-schema-graph\">{\"@context\":\"https:\/\/schema.org\",\"@graph\":[{\"@type\":\"WebPage\",\"@id\":\"https:\/\/fluterm.eu\/sv\/prod\/17x2mm-pex-a-golvvarmeror-livstidsgaranti\/\",\"url\":\"https:\/\/fluterm.eu\/sv\/prod\/17x2mm-pex-a-golvvarmeror-livstidsgaranti\/\",\"name\":\"17x2mm PEX-A golvv\u00e4rmer\u00f6r Livstidsgaranti\",\"isPartOf\":{\"@id\":\"https:\/\/fluterm.eu\/#website\"},\"datePublished\":\"2023-08-20T20:01:46+00:00\",\"dateModified\":\"2023-09-06T10:41:28+00:00\",\"description\":\"Order 17x2mm PEX-A golvv\u00e4rmer\u00f6r Livstidsgaranti at a best price.\",\"breadcrumb\":{\"@id\":\"https:\/\/fluterm.eu\/sv\/prod\/17x2mm-pex-a-golvvarmeror-livstidsgaranti\/#breadcrumb\"},\"inLanguage\":\"sv-SE\",\"potentialAction\":[{\"@type\":\"ReadAction\",\"target\":[\"https:\/\/fluterm.eu\/sv\/prod\/17x2mm-pex-a-golvvarmeror-livstidsgaranti\/\"]}]},{\"@type\":\"BreadcrumbList\",\"@id\":\"https:\/\/fluterm.eu\/sv\/prod\/17x2mm-pex-a-golvvarmeror-livstidsgaranti\/#breadcrumb\",\"itemListElement\":[{\"@type\":\"ListItem\",\"position\":1,\"name\":\"Home\",\"item\":\"https:\/\/fluterm.eu\/sv\/butik\/\"},{\"@type\":\"ListItem\",\"position\":2,\"name\":\"Butik\",\"item\":\"https:\/\/fluterm.eu\/sv\/butik\/\"},{\"@type\":\"ListItem\",\"position\":3,\"name\":\"17x2mm PEX-A golvv\u00e4rmer\u00f6r Livstidsgaranti\"}]},{\"@type\":\"WebSite\",\"@id\":\"https:\/\/fluterm.eu\/#website\",\"url\":\"https:\/\/fluterm.eu\/\",\"name\":\"fluterm.eu\",\"description\":\"\",\"potentialAction\":[{\"@type\":\"SearchAction\",\"target\":{\"@type\":\"EntryPoint\",\"urlTemplate\":\"https:\/\/fluterm.eu\/?s={search_term_string}\"},\"query-input\":\"required name=search_term_string\"}],\"inLanguage\":\"sv-SE\"}]}<\/script>\n<!-- \/ Yoast SEO plugin. -->","yoast_head_json":{"title":"17x2mm PEX-A golvv\u00e4rmer\u00f6r Livstidsgaranti","description":"Order 17x2mm PEX-A golvv\u00e4rmer\u00f6r Livstidsgaranti at a best price.","robots":{"index":"index","follow":"follow","max-snippet":"max-snippet:-1","max-image-preview":"max-image-preview:large","max-video-preview":"max-video-preview:-1"},"canonical":"https:\/\/fluterm.eu\/sv\/prod\/17x2mm-pex-a-golvvarmeror-livstidsgaranti\/","og_locale":"sv_SE","og_type":"article","og_title":"17x2mm PEX-A golvv\u00e4rmer\u00f6r Livstidsgaranti","og_description":"Order 17x2mm PEX-A golvv\u00e4rmer\u00f6r Livstidsgaranti at a best price.","og_url":"https:\/\/fluterm.eu\/sv\/prod\/17x2mm-pex-a-golvvarmeror-livstidsgaranti\/","og_site_name":"fluterm.eu","article_modified_time":"2023-09-06T10:41:28+00:00","og_image":[{"width":900,"height":500,"url":"https:\/\/fluterm.eu\/wp-content\/uploads\/2023\/06\/teava-incalzire-pardoseala-16x2-pe-rt-herz-colac-600m_1544.jpeg","type":"image\/jpeg"}],"twitter_card":"summary_large_image","twitter_misc":{"Ber\u00e4knad l\u00e4stid":"2 minuter"},"schema":{"@context":"https:\/\/schema.org","@graph":[{"@type":"WebPage","@id":"https:\/\/fluterm.eu\/sv\/prod\/17x2mm-pex-a-golvvarmeror-livstidsgaranti\/","url":"https:\/\/fluterm.eu\/sv\/prod\/17x2mm-pex-a-golvvarmeror-livstidsgaranti\/","name":"17x2mm PEX-A golvv\u00e4rmer\u00f6r Livstidsgaranti","isPartOf":{"@id":"https:\/\/fluterm.eu\/#website"},"datePublished":"2023-08-20T20:01:46+00:00","dateModified":"2023-09-06T10:41:28+00:00","description":"Order 17x2mm PEX-A golvv\u00e4rmer\u00f6r Livstidsgaranti at a best price.","breadcrumb":{"@id":"https:\/\/fluterm.eu\/sv\/prod\/17x2mm-pex-a-golvvarmeror-livstidsgaranti\/#breadcrumb"},"inLanguage":"sv-SE","potentialAction":[{"@type":"ReadAction","target":["https:\/\/fluterm.eu\/sv\/prod\/17x2mm-pex-a-golvvarmeror-livstidsgaranti\/"]}]},{"@type":"BreadcrumbList","@id":"https:\/\/fluterm.eu\/sv\/prod\/17x2mm-pex-a-golvvarmeror-livstidsgaranti\/#breadcrumb","itemListElement":[{"@type":"ListItem","position":1,"name":"Home","item":"https:\/\/fluterm.eu\/sv\/butik\/"},{"@type":"ListItem","position":2,"name":"Butik","item":"https:\/\/fluterm.eu\/sv\/butik\/"},{"@type":"ListItem","position":3,"name":"17x2mm PEX-A golvv\u00e4rmer\u00f6r Livstidsgaranti"}]},{"@type":"WebSite","@id":"https:\/\/fluterm.eu\/#website","url":"https:\/\/fluterm.eu\/","name":"fluterm.eu","description":"","potentialAction":[{"@type":"SearchAction","target":{"@type":"EntryPoint","urlTemplate":"https:\/\/fluterm.eu\/?s={search_term_string}"},"query-input":"required name=search_term_string"}],"inLanguage":"sv-SE"}]}},"_links":{"self":[{"href":"https:\/\/fluterm.eu\/sv\/wp-json\/wp\/v2\/product\/10350","targetHints":{"allow":["GET"]}}],"collection":[{"href":"https:\/\/fluterm.eu\/sv\/wp-json\/wp\/v2\/product"}],"about":[{"href":"https:\/\/fluterm.eu\/sv\/wp-json\/wp\/v2\/types\/product"}],"replies":[{"embeddable":true,"href":"https:\/\/fluterm.eu\/sv\/wp-json\/wp\/v2\/comments?post=10350"}],"version-history":[{"count":1,"href":"https:\/\/fluterm.eu\/sv\/wp-json\/wp\/v2\/product\/10350\/revisions"}],"predecessor-version":[{"id":13936,"href":"https:\/\/fluterm.eu\/sv\/wp-json\/wp\/v2\/product\/10350\/revisions\/13936"}],"wp:featuredmedia":[{"embeddable":true,"href":"https:\/\/fluterm.eu\/sv\/wp-json\/wp\/v2\/media\/2582"}],"wp:attachment":[{"href":"https:\/\/fluterm.eu\/sv\/wp-json\/wp\/v2\/media?parent=10350"}],"wp:term":[{"taxonomy":"product_cat","embeddable":true,"href":"https:\/\/fluterm.eu\/sv\/wp-json\/wp\/v2\/product_cat?post=10350"},{"taxonomy":"product_tag","embeddable":true,"href":"https:\/\/fluterm.eu\/sv\/wp-json\/wp\/v2\/product_tag?post=10350"}],"curies":[{"name":"wp","href":"https:\/\/api.w.org\/{rel}","templated":true}]}}