{"id":10634,"date":"2023-08-11T10:08:26","date_gmt":"2023-08-11T07:08:26","guid":{"rendered":"https:\/\/fluterm.eu\/prod\/uponor-taker-verktyg\/"},"modified":"2023-09-06T13:41:35","modified_gmt":"2023-09-06T10:41:35","slug":"uponor-taker-verktyg","status":"publish","type":"product","link":"https:\/\/fluterm.eu\/sv\/prod\/uponor-taker-verktyg\/","title":{"rendered":"Uponor Taker Verktyg"},"content":{"rendered":"<p><span class=\"Y2IQFc\" lang=\"en\"><strong>Uponor<\/strong> tacker-enhet, f\u00f6r montering av h\u00e4ftklamrar, golvv\u00e4rme med en diameter p\u00e5 40-50-57 mm, \u00e4r en kvalitet<br \/>\nutrustning som g\u00f6r det m\u00f6jligt att f\u00e4sta tackerklammer p\u00e5 r\u00f6r.<br \/>\nMed Uponors staplingsmaskiner f\u00f6rkortas arbetstiden och monteringen av anl\u00e4ggningen \u00e4r klar<br \/>\nenkelt. Denna artikel Uponor tacker enhet, f\u00f6r montering av h\u00e4ftklamrar, golvv\u00e4rme med en diameter p\u00e5 40-50-57 mm,<br \/>\n\u00e4r det perfekta valet i kategorin R\u00f6r och tillbeh\u00f6r f\u00f6r golvv\u00e4rme, vilket ocks\u00e5 betyder Comfort<br \/>\ngenom kvalitetsinstallationer<\/span><\/p>\n","protected":false},"excerpt":{"rendered":"<p>Uponor tacker-enhet, f\u00f6r montering av h\u00e4ftklamrar, golvv\u00e4rme med en diameter p\u00e5 40-50-57 mm, \u00e4r en kvalitet utrustning som g\u00f6r det m\u00f6jligt att f\u00e4sta tackerklammer p\u00e5 r\u00f6r. Med Uponors staplingsmaskiner f\u00f6rkortas arbetstiden och monteringen av anl\u00e4ggningen \u00e4r klar enkelt. Denna artikel Uponor tacker enhet, f\u00f6r montering av h\u00e4ftklamrar, golvv\u00e4rme med en diameter p\u00e5 40-50-57 mm, \u00e4r&hellip;<\/p>\n","protected":false},"featured_media":10644,"comment_status":"open","ping_status":"closed","template":"","meta":[],"product_cat":[830],"product_tag":[],"class_list":{"0":"post-10634","1":"product","2":"type-product","3":"status-publish","4":"has-post-thumbnail","6":"product_cat-olika","8":"first","9":"instock","10":"taxable","11":"shipping-taxable","12":"purchasable","13":"product-type-simple","14":"col-xs-6 col-sm-4","15":"col-md-4 col-lg-4","16":"un-3-cols"},"acf":[],"yoast_head":"<!-- This site is optimized with the Yoast SEO plugin v21.2 - https:\/\/yoast.com\/wordpress\/plugins\/seo\/ -->\n<title>Uponor Taker Verktyg<\/title>\n<meta name=\"description\" content=\"Order Uponor Taker Verktyg at a best price.\" \/>\n<meta name=\"robots\" content=\"index, follow, max-snippet:-1, max-image-preview:large, max-video-preview:-1\" \/>\n<link rel=\"canonical\" href=\"https:\/\/fluterm.eu\/sv\/prod\/uponor-taker-verktyg\/\" \/>\n<meta property=\"og:locale\" content=\"sv_SE\" \/>\n<meta property=\"og:type\" content=\"article\" \/>\n<meta property=\"og:title\" content=\"Uponor Taker Verktyg\" \/>\n<meta property=\"og:description\" content=\"Order Uponor Taker Verktyg at a best price.\" \/>\n<meta property=\"og:url\" content=\"https:\/\/fluterm.eu\/sv\/prod\/uponor-taker-verktyg\/\" \/>\n<meta property=\"og:site_name\" content=\"fluterm.eu\" \/>\n<meta property=\"article:modified_time\" content=\"2023-09-06T10:41:35+00:00\" \/>\n<meta property=\"og:image\" content=\"https:\/\/fluterm.eu\/wp-content\/uploads\/2023\/08\/90FC8A4D-87AF-4AAE-A919-A748549110B3.jpeg\" \/>\n\t<meta property=\"og:image:width\" content=\"626\" \/>\n\t<meta property=\"og:image:height\" content=\"2500\" \/>\n\t<meta property=\"og:image:type\" content=\"image\/jpeg\" \/>\n<meta name=\"twitter:card\" content=\"summary_large_image\" \/>\n<script type=\"application\/ld+json\" class=\"yoast-schema-graph\">{\"@context\":\"https:\/\/schema.org\",\"@graph\":[{\"@type\":\"WebPage\",\"@id\":\"https:\/\/fluterm.eu\/sv\/prod\/uponor-taker-verktyg\/\",\"url\":\"https:\/\/fluterm.eu\/sv\/prod\/uponor-taker-verktyg\/\",\"name\":\"Uponor Taker Verktyg\",\"isPartOf\":{\"@id\":\"https:\/\/fluterm.eu\/#website\"},\"datePublished\":\"2023-08-11T07:08:26+00:00\",\"dateModified\":\"2023-09-06T10:41:35+00:00\",\"description\":\"Order Uponor Taker Verktyg at a best price.\",\"breadcrumb\":{\"@id\":\"https:\/\/fluterm.eu\/sv\/prod\/uponor-taker-verktyg\/#breadcrumb\"},\"inLanguage\":\"sv-SE\",\"potentialAction\":[{\"@type\":\"ReadAction\",\"target\":[\"https:\/\/fluterm.eu\/sv\/prod\/uponor-taker-verktyg\/\"]}]},{\"@type\":\"BreadcrumbList\",\"@id\":\"https:\/\/fluterm.eu\/sv\/prod\/uponor-taker-verktyg\/#breadcrumb\",\"itemListElement\":[{\"@type\":\"ListItem\",\"position\":1,\"name\":\"Home\",\"item\":\"https:\/\/fluterm.eu\/sv\/butik\/\"},{\"@type\":\"ListItem\",\"position\":2,\"name\":\"Butik\",\"item\":\"https:\/\/fluterm.eu\/sv\/butik\/\"},{\"@type\":\"ListItem\",\"position\":3,\"name\":\"Uponor Taker Verktyg\"}]},{\"@type\":\"WebSite\",\"@id\":\"https:\/\/fluterm.eu\/#website\",\"url\":\"https:\/\/fluterm.eu\/\",\"name\":\"fluterm.eu\",\"description\":\"\",\"potentialAction\":[{\"@type\":\"SearchAction\",\"target\":{\"@type\":\"EntryPoint\",\"urlTemplate\":\"https:\/\/fluterm.eu\/?s={search_term_string}\"},\"query-input\":\"required name=search_term_string\"}],\"inLanguage\":\"sv-SE\"}]}<\/script>\n<!-- \/ Yoast SEO plugin. -->","yoast_head_json":{"title":"Uponor Taker Verktyg","description":"Order Uponor Taker Verktyg at a best price.","robots":{"index":"index","follow":"follow","max-snippet":"max-snippet:-1","max-image-preview":"max-image-preview:large","max-video-preview":"max-video-preview:-1"},"canonical":"https:\/\/fluterm.eu\/sv\/prod\/uponor-taker-verktyg\/","og_locale":"sv_SE","og_type":"article","og_title":"Uponor Taker Verktyg","og_description":"Order Uponor Taker Verktyg at a best price.","og_url":"https:\/\/fluterm.eu\/sv\/prod\/uponor-taker-verktyg\/","og_site_name":"fluterm.eu","article_modified_time":"2023-09-06T10:41:35+00:00","og_image":[{"width":626,"height":2500,"url":"https:\/\/fluterm.eu\/wp-content\/uploads\/2023\/08\/90FC8A4D-87AF-4AAE-A919-A748549110B3.jpeg","type":"image\/jpeg"}],"twitter_card":"summary_large_image","schema":{"@context":"https:\/\/schema.org","@graph":[{"@type":"WebPage","@id":"https:\/\/fluterm.eu\/sv\/prod\/uponor-taker-verktyg\/","url":"https:\/\/fluterm.eu\/sv\/prod\/uponor-taker-verktyg\/","name":"Uponor Taker Verktyg","isPartOf":{"@id":"https:\/\/fluterm.eu\/#website"},"datePublished":"2023-08-11T07:08:26+00:00","dateModified":"2023-09-06T10:41:35+00:00","description":"Order Uponor Taker Verktyg at a best price.","breadcrumb":{"@id":"https:\/\/fluterm.eu\/sv\/prod\/uponor-taker-verktyg\/#breadcrumb"},"inLanguage":"sv-SE","potentialAction":[{"@type":"ReadAction","target":["https:\/\/fluterm.eu\/sv\/prod\/uponor-taker-verktyg\/"]}]},{"@type":"BreadcrumbList","@id":"https:\/\/fluterm.eu\/sv\/prod\/uponor-taker-verktyg\/#breadcrumb","itemListElement":[{"@type":"ListItem","position":1,"name":"Home","item":"https:\/\/fluterm.eu\/sv\/butik\/"},{"@type":"ListItem","position":2,"name":"Butik","item":"https:\/\/fluterm.eu\/sv\/butik\/"},{"@type":"ListItem","position":3,"name":"Uponor Taker Verktyg"}]},{"@type":"WebSite","@id":"https:\/\/fluterm.eu\/#website","url":"https:\/\/fluterm.eu\/","name":"fluterm.eu","description":"","potentialAction":[{"@type":"SearchAction","target":{"@type":"EntryPoint","urlTemplate":"https:\/\/fluterm.eu\/?s={search_term_string}"},"query-input":"required name=search_term_string"}],"inLanguage":"sv-SE"}]}},"_links":{"self":[{"href":"https:\/\/fluterm.eu\/sv\/wp-json\/wp\/v2\/product\/10634","targetHints":{"allow":["GET"]}}],"collection":[{"href":"https:\/\/fluterm.eu\/sv\/wp-json\/wp\/v2\/product"}],"about":[{"href":"https:\/\/fluterm.eu\/sv\/wp-json\/wp\/v2\/types\/product"}],"replies":[{"embeddable":true,"href":"https:\/\/fluterm.eu\/sv\/wp-json\/wp\/v2\/comments?post=10634"}],"version-history":[{"count":1,"href":"https:\/\/fluterm.eu\/sv\/wp-json\/wp\/v2\/product\/10634\/revisions"}],"predecessor-version":[{"id":13946,"href":"https:\/\/fluterm.eu\/sv\/wp-json\/wp\/v2\/product\/10634\/revisions\/13946"}],"wp:featuredmedia":[{"embeddable":true,"href":"https:\/\/fluterm.eu\/sv\/wp-json\/wp\/v2\/media\/10644"}],"wp:attachment":[{"href":"https:\/\/fluterm.eu\/sv\/wp-json\/wp\/v2\/media?parent=10634"}],"wp:term":[{"taxonomy":"product_cat","embeddable":true,"href":"https:\/\/fluterm.eu\/sv\/wp-json\/wp\/v2\/product_cat?post=10634"},{"taxonomy":"product_tag","embeddable":true,"href":"https:\/\/fluterm.eu\/sv\/wp-json\/wp\/v2\/product_tag?post=10634"}],"curies":[{"name":"wp","href":"https:\/\/api.w.org\/{rel}","templated":true}]}}