{"id":14671,"date":"2023-06-10T14:51:05","date_gmt":"2023-06-10T11:51:05","guid":{"rendered":"https:\/\/fluterm.eu\/prod\/golvvarmefordelare-med-pumppaket-ventiler-ibo-amg-12-kretsar\/"},"modified":"2023-06-10T14:51:05","modified_gmt":"2023-06-10T11:51:05","slug":"golvvarme-manifold-med-pump-pack-ventiler-ibo-amg-12-portar","status":"publish","type":"product","link":"https:\/\/fluterm.eu\/sv\/prod\/golvvarme-manifold-med-pump-pack-ventiler-ibo-amg-12-portar\/","title":{"rendered":"Golvv\u00e4rmef\u00f6rdelare med pumppaket &amp; ventiler \u2013 ibo amg \u2013 12 kretsar"},"content":{"rendered":"<h1>Golvv\u00e4rmef\u00f6rdelare med pump och ventiler &#8211; Grundfos A-klassad pump -12 portar<\/h1>\n<p><strong>Vad ing\u00e5r i v\u00e5ra pump- och grenr\u00f6rspaket?<\/strong><\/p>\n<p>Golvv\u00e4rmef\u00f6rdelare levereras med:<\/p>\n<p>&#8221;A&#8221; Klassad ibo Pump Pack.<\/p>\n<p>Artiklar som ing\u00e5r:<\/p>\n<p>1 x f\u00f6rmonterat grenr\u00f6r med fl\u00f6desm\u00e4tare<\/p>\n<p>1 x \u00e4ndventil<\/p>\n<p>1 x tryckm\u00e4tare<\/p>\n<p>2 x kulventiler<\/p>\n<p>2 x temperaturm\u00e4tare (monterad p\u00e5 kulventiler)<\/p>\n<p>1 x l\u00e5da<\/p>\n<p>Eurocones passande 16\/17 24st<\/p>\n<p>Pumpstation (blandningsventil)<\/p>\n<p>Levereras p\u00e5 en f\u00f6rmonterad konsol.<\/p>\n<p>CMax arbetstryck 3 bar max provtryck 10 bar.<\/p>\n<p>Temperaturomr\u00e5de: 35C &#8211; 65CM maximalt arbetstryck:<\/p>\n<p>V\u00e5ra f\u00f6rdelare \u00e4r avsedda f\u00f6r vattenburna golvv\u00e4rmesystem.<\/p>\n<p>Dessa best\u00e5r av tv\u00e5 grenr\u00f6r, ett f\u00f6r framledning och ett f\u00f6r retur, kompletta med kulventiler, avtappnings-\/p\u00e5fyllningsventiler och luftningsventil. P\u00e5 fl\u00f6desbalken har varje port en h\u00f6gpresterande fl\u00f6desindikator, och isolatorn har ett l\u00e4ttavl\u00e4st m\u00e4tglas.<\/p>\n<p>Varje port p\u00e5 returledningen \u00e4r utrustad med en integrerad reglerventil och skyddsk\u00e5pa som g\u00f6r det m\u00f6jligt f\u00f6r anv\u00e4ndaren att justera vattenvolymen eller kan tas bort f\u00f6r att passa ett Manifold termoelektriskt huvud.<\/p>\n<p>&nbsp;<\/p>\n<p><strong>Manifold dimensioner:<\/strong><\/p>\n<p>L\u00e4gg till 150 mm till l\u00e4ngden n\u00e4r pumpen och blandaren \u00e4r monterade.<\/p>\n<p>Se bild 12 f\u00f6r nyckel.<\/p>\n<p>A B C D E<\/p>\n<p>2 kretsar UFH grenr\u00f6rssats 320mm 210mm 50mm 276mm 90mm<\/p>\n<p>3 kretsar UFH grenr\u00f6rssats 320mm 210mm 50mm 326mm 90mm<\/p>\n<p>4 kretsar UFH grenr\u00f6rssats 320mm 210mm 50mm 376mm 90mm<\/p>\n<p>5 kretsar UFH grenr\u00f6rssats 320mm 210mm 50mm 426mm 90mm<\/p>\n<p>6 kretsar UFH grenr\u00f6rssats 320mm 210mm 50mm 476mm 90mm<\/p>\n<p>7 kretsar UFH grenr\u00f6rssats 320mm 210mm 50mm 526mm 90mm<\/p>\n<p>8 kretsar UFH grenr\u00f6rssats 320mm 210mm 50mm 576mm 90mm<\/p>\n<p>9 kretsar UFH grenr\u00f6rssats 320mm 210mm 50mm 626mm 90mm<\/p>\n<p>10 kretsar UFH grenr\u00f6rssats 320mm 210mm 50mm 676mm 90mm<\/p>\n<p>11 kretsar UFH grenr\u00f6rssats 320mm 210mm 50mm 726mm 90mm<\/p>\n<p>12 kretsar UFH grenr\u00f6rssats 320mm 210mm 50mm 776mm 90mm<\/p>\n<p>&nbsp;<\/p>\n<p><strong>Golvv\u00e4rme:<\/strong><\/p>\n<p>The Underfloor Heating Site \u00e4r en av Storbritanniens ledande leverant\u00f6rer av golvv\u00e4rme med st\u00f6d av indsutry ledande leverant\u00f6rer med m\u00e5nga \u00e5rs kunskap inom golvv\u00e4rmebranschen. Vi \u00e4r dedikerade till att leverera golvv\u00e4rmeprodukter av b\u00e4sta kvalitet till \u00f6verkomliga priser och detta st\u00f6ds av f\u00f6rstklassig kundservice och r\u00e5dgivning. Oavsett om du bara ska kakla ett litet badrum eller \u00e4r ute efter ett komplett v\u00e4rmesystem f\u00f6r hemmet, \u00e4r vi \u00f6vertygade om att vi har r\u00e4tt system f\u00f6r dig.<\/p>\n<p>V\u00e5rt sortiment omfattar golvv\u00e4rmesatser f\u00f6r vatten eller bara golvv\u00e4rmef\u00f6rdelaren, golvv\u00e4rmer\u00f6r, golvv\u00e4rmematta, fri kabel, isolering, spegelavfuktningskuddar och m\u00e5nga andra produkter.<\/p>\n<p>&nbsp;<\/p>\n","protected":false},"excerpt":{"rendered":"<p>Golvv\u00e4rmef\u00f6rdelare med pump och ventiler &#8211; Grundfos A-klassad pump -12 portar Vad ing\u00e5r i v\u00e5ra pump- och grenr\u00f6rspaket? Golvv\u00e4rmef\u00f6rdelare levereras med: &#8221;A&#8221; Klassad ibo Pump Pack. Artiklar som ing\u00e5r: 1 x f\u00f6rmonterat grenr\u00f6r med fl\u00f6desm\u00e4tare 1 x \u00e4ndventil 1 x tryckm\u00e4tare 2 x kulventiler 2 x temperaturm\u00e4tare (monterad p\u00e5 kulventiler) 1 x l\u00e5da Eurocones passande&hellip;<\/p>\n","protected":false},"featured_media":3086,"comment_status":"open","ping_status":"closed","template":"","meta":[],"product_cat":[823],"product_tag":[],"class_list":{"0":"post-14671","1":"product","2":"type-product","3":"status-publish","4":"has-post-thumbnail","6":"product_cat-distributorer-av-golvvarme","8":"first","9":"instock","10":"taxable","11":"shipping-taxable","12":"purchasable","13":"product-type-simple","14":"col-xs-6 col-sm-4","15":"col-md-4 col-lg-4","16":"un-3-cols"},"acf":[],"yoast_head":"<!-- This site is optimized with the Yoast SEO plugin v21.2 - https:\/\/yoast.com\/wordpress\/plugins\/seo\/ -->\n<title>Golvv\u00e4rmef\u00f6rdelare med pumppaket &amp; ventiler \u2013 ibo amg \u2013 12 kretsar<\/title>\n<meta name=\"description\" content=\"Order Golvv\u00e4rmef\u00f6rdelare med pumppaket &amp; ventiler \u2013 ibo amg \u2013 12 kretsar at a best price.\" \/>\n<meta name=\"robots\" content=\"index, follow, max-snippet:-1, max-image-preview:large, max-video-preview:-1\" \/>\n<link rel=\"canonical\" href=\"https:\/\/fluterm.eu\/sv\/prod\/golvvarmefordelare-med-pumppaket-ventiler-ibo-amg-12-kretsar\/\" \/>\n<meta property=\"og:locale\" content=\"sv_SE\" \/>\n<meta property=\"og:type\" content=\"article\" \/>\n<meta property=\"og:title\" content=\"Golvv\u00e4rmef\u00f6rdelare med pumppaket &amp; ventiler \u2013 ibo amg \u2013 12 kretsar\" \/>\n<meta property=\"og:description\" content=\"Order Golvv\u00e4rmef\u00f6rdelare med pumppaket &amp; ventiler \u2013 ibo amg \u2013 12 kretsar at a best price.\" \/>\n<meta property=\"og:url\" content=\"https:\/\/fluterm.eu\/sv\/prod\/golvvarmefordelare-med-pumppaket-ventiler-ibo-amg-12-kretsar\/\" \/>\n<meta property=\"og:site_name\" content=\"fluterm.eu\" \/>\n<meta property=\"og:image\" content=\"https:\/\/fluterm.eu\/wp-content\/uploads\/2023\/06\/PROD-85.jpeg\" \/>\n\t<meta property=\"og:image:width\" content=\"2000\" \/>\n\t<meta property=\"og:image:height\" content=\"2000\" \/>\n\t<meta property=\"og:image:type\" content=\"image\/jpeg\" \/>\n<meta name=\"twitter:card\" content=\"summary_large_image\" \/>\n<meta name=\"twitter:label1\" content=\"Ber\u00e4knad l\u00e4stid\" \/>\n\t<meta name=\"twitter:data1\" content=\"2 minuter\" \/>\n<script type=\"application\/ld+json\" class=\"yoast-schema-graph\">{\"@context\":\"https:\/\/schema.org\",\"@graph\":[{\"@type\":\"WebPage\",\"@id\":\"https:\/\/fluterm.eu\/sv\/prod\/golvvarmefordelare-med-pumppaket-ventiler-ibo-amg-12-kretsar\/\",\"url\":\"https:\/\/fluterm.eu\/sv\/prod\/golvvarmefordelare-med-pumppaket-ventiler-ibo-amg-12-kretsar\/\",\"name\":\"Golvv\u00e4rmef\u00f6rdelare med pumppaket &amp; ventiler \u2013 ibo amg \u2013 12 kretsar\",\"isPartOf\":{\"@id\":\"https:\/\/fluterm.eu\/#website\"},\"datePublished\":\"2023-06-10T11:51:05+00:00\",\"dateModified\":\"2023-06-10T11:51:05+00:00\",\"description\":\"Order Golvv\u00e4rmef\u00f6rdelare med pumppaket &amp; ventiler \u2013 ibo amg \u2013 12 kretsar at a best price.\",\"breadcrumb\":{\"@id\":\"https:\/\/fluterm.eu\/sv\/prod\/golvvarmefordelare-med-pumppaket-ventiler-ibo-amg-12-kretsar\/#breadcrumb\"},\"inLanguage\":\"sv-SE\",\"potentialAction\":[{\"@type\":\"ReadAction\",\"target\":[\"https:\/\/fluterm.eu\/sv\/prod\/golvvarmefordelare-med-pumppaket-ventiler-ibo-amg-12-kretsar\/\"]}]},{\"@type\":\"BreadcrumbList\",\"@id\":\"https:\/\/fluterm.eu\/sv\/prod\/golvvarmefordelare-med-pumppaket-ventiler-ibo-amg-12-kretsar\/#breadcrumb\",\"itemListElement\":[{\"@type\":\"ListItem\",\"position\":1,\"name\":\"Home\",\"item\":\"https:\/\/fluterm.eu\/sv\/butik\/\"},{\"@type\":\"ListItem\",\"position\":2,\"name\":\"Butik\",\"item\":\"https:\/\/fluterm.eu\/sv\/butik\/\"},{\"@type\":\"ListItem\",\"position\":3,\"name\":\"Golvv\u00e4rmef\u00f6rdelare med pumppaket &amp; ventiler \u2013 ibo amg \u2013 12 kretsar\"}]},{\"@type\":\"WebSite\",\"@id\":\"https:\/\/fluterm.eu\/#website\",\"url\":\"https:\/\/fluterm.eu\/\",\"name\":\"fluterm.eu\",\"description\":\"\",\"potentialAction\":[{\"@type\":\"SearchAction\",\"target\":{\"@type\":\"EntryPoint\",\"urlTemplate\":\"https:\/\/fluterm.eu\/?s={search_term_string}\"},\"query-input\":\"required name=search_term_string\"}],\"inLanguage\":\"sv-SE\"}]}<\/script>\n<!-- \/ Yoast SEO plugin. -->","yoast_head_json":{"title":"Golvv\u00e4rmef\u00f6rdelare med pumppaket &amp; ventiler \u2013 ibo amg \u2013 12 kretsar","description":"Order Golvv\u00e4rmef\u00f6rdelare med pumppaket &amp; ventiler \u2013 ibo amg \u2013 12 kretsar at a best price.","robots":{"index":"index","follow":"follow","max-snippet":"max-snippet:-1","max-image-preview":"max-image-preview:large","max-video-preview":"max-video-preview:-1"},"canonical":"https:\/\/fluterm.eu\/sv\/prod\/golvvarmefordelare-med-pumppaket-ventiler-ibo-amg-12-kretsar\/","og_locale":"sv_SE","og_type":"article","og_title":"Golvv\u00e4rmef\u00f6rdelare med pumppaket &amp; ventiler \u2013 ibo amg \u2013 12 kretsar","og_description":"Order Golvv\u00e4rmef\u00f6rdelare med pumppaket &amp; ventiler \u2013 ibo amg \u2013 12 kretsar at a best price.","og_url":"https:\/\/fluterm.eu\/sv\/prod\/golvvarmefordelare-med-pumppaket-ventiler-ibo-amg-12-kretsar\/","og_site_name":"fluterm.eu","og_image":[{"width":2000,"height":2000,"url":"https:\/\/fluterm.eu\/wp-content\/uploads\/2023\/06\/PROD-85.jpeg","type":"image\/jpeg"}],"twitter_card":"summary_large_image","twitter_misc":{"Ber\u00e4knad l\u00e4stid":"2 minuter"},"schema":{"@context":"https:\/\/schema.org","@graph":[{"@type":"WebPage","@id":"https:\/\/fluterm.eu\/sv\/prod\/golvvarmefordelare-med-pumppaket-ventiler-ibo-amg-12-kretsar\/","url":"https:\/\/fluterm.eu\/sv\/prod\/golvvarmefordelare-med-pumppaket-ventiler-ibo-amg-12-kretsar\/","name":"Golvv\u00e4rmef\u00f6rdelare med pumppaket &amp; ventiler \u2013 ibo amg \u2013 12 kretsar","isPartOf":{"@id":"https:\/\/fluterm.eu\/#website"},"datePublished":"2023-06-10T11:51:05+00:00","dateModified":"2023-06-10T11:51:05+00:00","description":"Order Golvv\u00e4rmef\u00f6rdelare med pumppaket &amp; ventiler \u2013 ibo amg \u2013 12 kretsar at a best price.","breadcrumb":{"@id":"https:\/\/fluterm.eu\/sv\/prod\/golvvarmefordelare-med-pumppaket-ventiler-ibo-amg-12-kretsar\/#breadcrumb"},"inLanguage":"sv-SE","potentialAction":[{"@type":"ReadAction","target":["https:\/\/fluterm.eu\/sv\/prod\/golvvarmefordelare-med-pumppaket-ventiler-ibo-amg-12-kretsar\/"]}]},{"@type":"BreadcrumbList","@id":"https:\/\/fluterm.eu\/sv\/prod\/golvvarmefordelare-med-pumppaket-ventiler-ibo-amg-12-kretsar\/#breadcrumb","itemListElement":[{"@type":"ListItem","position":1,"name":"Home","item":"https:\/\/fluterm.eu\/sv\/butik\/"},{"@type":"ListItem","position":2,"name":"Butik","item":"https:\/\/fluterm.eu\/sv\/butik\/"},{"@type":"ListItem","position":3,"name":"Golvv\u00e4rmef\u00f6rdelare med pumppaket &amp; ventiler \u2013 ibo amg \u2013 12 kretsar"}]},{"@type":"WebSite","@id":"https:\/\/fluterm.eu\/#website","url":"https:\/\/fluterm.eu\/","name":"fluterm.eu","description":"","potentialAction":[{"@type":"SearchAction","target":{"@type":"EntryPoint","urlTemplate":"https:\/\/fluterm.eu\/?s={search_term_string}"},"query-input":"required name=search_term_string"}],"inLanguage":"sv-SE"}]}},"_links":{"self":[{"href":"https:\/\/fluterm.eu\/sv\/wp-json\/wp\/v2\/product\/14671","targetHints":{"allow":["GET"]}}],"collection":[{"href":"https:\/\/fluterm.eu\/sv\/wp-json\/wp\/v2\/product"}],"about":[{"href":"https:\/\/fluterm.eu\/sv\/wp-json\/wp\/v2\/types\/product"}],"replies":[{"embeddable":true,"href":"https:\/\/fluterm.eu\/sv\/wp-json\/wp\/v2\/comments?post=14671"}],"version-history":[{"count":0,"href":"https:\/\/fluterm.eu\/sv\/wp-json\/wp\/v2\/product\/14671\/revisions"}],"wp:featuredmedia":[{"embeddable":true,"href":"https:\/\/fluterm.eu\/sv\/wp-json\/wp\/v2\/media\/3086"}],"wp:attachment":[{"href":"https:\/\/fluterm.eu\/sv\/wp-json\/wp\/v2\/media?parent=14671"}],"wp:term":[{"taxonomy":"product_cat","embeddable":true,"href":"https:\/\/fluterm.eu\/sv\/wp-json\/wp\/v2\/product_cat?post=14671"},{"taxonomy":"product_tag","embeddable":true,"href":"https:\/\/fluterm.eu\/sv\/wp-json\/wp\/v2\/product_tag?post=14671"}],"curies":[{"name":"wp","href":"https:\/\/api.w.org\/{rel}","templated":true}]}}