{"id":14728,"date":"2023-06-10T14:51:05","date_gmt":"2023-06-10T11:51:05","guid":{"rendered":"https:\/\/fluterm.eu\/prod\/blandningssats-for-golvvarme-med-wilo-pump\/"},"modified":"2023-06-10T14:51:05","modified_gmt":"2023-06-10T11:51:05","slug":"blandningssats-for-golvvarme-med-wilo-pump","status":"publish","type":"product","link":"https:\/\/fluterm.eu\/sv\/prod\/blandningssats-for-golvvarme-med-wilo-pump\/","title":{"rendered":"Blandningssats f\u00f6r golvv\u00e4rme med Wilo-pump"},"content":{"rendered":"<p>V\u00e5r kompakta och l\u00e4tta termostatblandare f\u00f6r golvv\u00e4rme m\u00f6jligg\u00f6r direkt anslutning till v\u00e5rt sortiment av golvv\u00e4rmef\u00f6rdelare och levereras helt monterad i v\u00e4nsterformat med G1 hane sv\u00e4ngbara flat t\u00e4tningskopplingar som standard.<\/p>\n<p>Den m\u00e5ngsidiga designen och unionskopplingarna g\u00f6r installationen enkel och eftersom den inte kr\u00e4ver n\u00e5gra extra st\u00f6df\u00e4sten elimineras behovet av tidskr\u00e4vande borrning och fixering.<\/p>\n<p>Med blandningsventilen kan du st\u00e4lla in fl\u00f6destemperaturen mellan 35 och 65\u00b0C f\u00f6r exakt kontroll av den totala temperaturen genom golvv\u00e4rmen och den kan matas med alla typer av v\u00e4rmek\u00e4llor, inklusive olje- och gaspannor, vedeldade kaminer och gr\u00f6na energik\u00e4llor som sol-, mark- och luftv\u00e4rmepumpar.<\/p>\n<p>Varje styrpaket best\u00e5r av termostatisk blandningsventil, Wilo A-klassad energieffektiv cirkulationspump, grenr\u00f6rsadapter och alla n\u00f6dv\u00e4ndiga t\u00e4tningar.<\/p>\n<p><strong>Justering av blandningskontroll  <\/strong><\/p>\n<p>Den termostatiska blandningsventilen \u00e4r fabriksinst\u00e4lld f\u00f6r att leverera vatten blandat vid 45\u00b0C till golvv\u00e4rmef\u00f6rdelaren. Temperaturen p\u00e5 det blandade vattnet kan justeras fr\u00e5n 35\u00b0c till 65\u00b0c genom att vrida blandningsventilens kontrollratt, medurs f\u00f6r att \u00f6ka temperaturen och moturs f\u00f6r att minska den.<\/p>\n<p>wilo Sonos para 15x6x130<\/p>\n","protected":false},"excerpt":{"rendered":"<p>V\u00e5r kompakta och l\u00e4tta termostatblandare f\u00f6r golvv\u00e4rme m\u00f6jligg\u00f6r direkt anslutning till v\u00e5rt sortiment av golvv\u00e4rmef\u00f6rdelare och levereras helt monterad i v\u00e4nsterformat med G1 hane sv\u00e4ngbara flat t\u00e4tningskopplingar som standard. Den m\u00e5ngsidiga designen och unionskopplingarna g\u00f6r installationen enkel och eftersom den inte kr\u00e4ver n\u00e5gra extra st\u00f6df\u00e4sten elimineras behovet av tidskr\u00e4vande borrning och fixering. Med blandningsventilen kan&hellip;<\/p>\n","protected":false},"featured_media":3128,"comment_status":"closed","ping_status":"closed","template":"","meta":[],"product_cat":[849],"product_tag":[],"class_list":{"0":"post-14728","1":"product","2":"type-product","3":"status-publish","4":"has-post-thumbnail","6":"product_cat-blandade-grupper-for-golvvarme","8":"first","9":"instock","10":"taxable","11":"shipping-taxable","12":"purchasable","13":"product-type-simple","14":"col-xs-6 col-sm-4","15":"col-md-4 col-lg-4","16":"un-3-cols"},"acf":[],"yoast_head":"<!-- This site is optimized with the Yoast SEO plugin v21.2 - https:\/\/yoast.com\/wordpress\/plugins\/seo\/ -->\n<title>Blandningssats f\u00f6r golvv\u00e4rme med Wilo-pump<\/title>\n<meta name=\"description\" content=\"Order Blandningssats f\u00f6r golvv\u00e4rme med Wilo-pump at a best price.\" \/>\n<meta name=\"robots\" content=\"index, follow, max-snippet:-1, max-image-preview:large, max-video-preview:-1\" \/>\n<link rel=\"canonical\" href=\"https:\/\/fluterm.eu\/sv\/prod\/blandningssats-for-golvvarme-med-wilo-pump\/\" \/>\n<meta property=\"og:locale\" content=\"sv_SE\" \/>\n<meta property=\"og:type\" content=\"article\" \/>\n<meta property=\"og:title\" content=\"Blandningssats f\u00f6r golvv\u00e4rme med Wilo-pump\" \/>\n<meta property=\"og:description\" content=\"Order Blandningssats f\u00f6r golvv\u00e4rme med Wilo-pump at a best price.\" \/>\n<meta property=\"og:url\" content=\"https:\/\/fluterm.eu\/sv\/prod\/blandningssats-for-golvvarme-med-wilo-pump\/\" \/>\n<meta property=\"og:site_name\" content=\"fluterm.eu\" \/>\n<meta property=\"og:image\" content=\"https:\/\/fluterm.eu\/wp-content\/uploads\/2023\/06\/10BE33BF-D06D-41CB-AE24-1597A1282835_4_5005_c.jpeg\" \/>\n\t<meta property=\"og:image:width\" content=\"298\" \/>\n\t<meta property=\"og:image:height\" content=\"263\" \/>\n\t<meta property=\"og:image:type\" content=\"image\/jpeg\" \/>\n<meta name=\"twitter:card\" content=\"summary_large_image\" \/>\n<meta name=\"twitter:label1\" content=\"Ber\u00e4knad l\u00e4stid\" \/>\n\t<meta name=\"twitter:data1\" content=\"1 minut\" \/>\n<script type=\"application\/ld+json\" class=\"yoast-schema-graph\">{\"@context\":\"https:\/\/schema.org\",\"@graph\":[{\"@type\":\"WebPage\",\"@id\":\"https:\/\/fluterm.eu\/sv\/prod\/blandningssats-for-golvvarme-med-wilo-pump\/\",\"url\":\"https:\/\/fluterm.eu\/sv\/prod\/blandningssats-for-golvvarme-med-wilo-pump\/\",\"name\":\"Blandningssats f\u00f6r golvv\u00e4rme med Wilo-pump\",\"isPartOf\":{\"@id\":\"https:\/\/fluterm.eu\/#website\"},\"datePublished\":\"2023-06-10T11:51:05+00:00\",\"dateModified\":\"2023-06-10T11:51:05+00:00\",\"description\":\"Order Blandningssats f\u00f6r golvv\u00e4rme med Wilo-pump at a best price.\",\"breadcrumb\":{\"@id\":\"https:\/\/fluterm.eu\/sv\/prod\/blandningssats-for-golvvarme-med-wilo-pump\/#breadcrumb\"},\"inLanguage\":\"sv-SE\",\"potentialAction\":[{\"@type\":\"ReadAction\",\"target\":[\"https:\/\/fluterm.eu\/sv\/prod\/blandningssats-for-golvvarme-med-wilo-pump\/\"]}]},{\"@type\":\"BreadcrumbList\",\"@id\":\"https:\/\/fluterm.eu\/sv\/prod\/blandningssats-for-golvvarme-med-wilo-pump\/#breadcrumb\",\"itemListElement\":[{\"@type\":\"ListItem\",\"position\":1,\"name\":\"Home\",\"item\":\"https:\/\/fluterm.eu\/sv\/butik\/\"},{\"@type\":\"ListItem\",\"position\":2,\"name\":\"Butik\",\"item\":\"https:\/\/fluterm.eu\/sv\/butik\/\"},{\"@type\":\"ListItem\",\"position\":3,\"name\":\"Blandningssats f\u00f6r golvv\u00e4rme med Wilo-pump\"}]},{\"@type\":\"WebSite\",\"@id\":\"https:\/\/fluterm.eu\/#website\",\"url\":\"https:\/\/fluterm.eu\/\",\"name\":\"fluterm.eu\",\"description\":\"\",\"potentialAction\":[{\"@type\":\"SearchAction\",\"target\":{\"@type\":\"EntryPoint\",\"urlTemplate\":\"https:\/\/fluterm.eu\/?s={search_term_string}\"},\"query-input\":\"required name=search_term_string\"}],\"inLanguage\":\"sv-SE\"}]}<\/script>\n<!-- \/ Yoast SEO plugin. -->","yoast_head_json":{"title":"Blandningssats f\u00f6r golvv\u00e4rme med Wilo-pump","description":"Order Blandningssats f\u00f6r golvv\u00e4rme med Wilo-pump at a best price.","robots":{"index":"index","follow":"follow","max-snippet":"max-snippet:-1","max-image-preview":"max-image-preview:large","max-video-preview":"max-video-preview:-1"},"canonical":"https:\/\/fluterm.eu\/sv\/prod\/blandningssats-for-golvvarme-med-wilo-pump\/","og_locale":"sv_SE","og_type":"article","og_title":"Blandningssats f\u00f6r golvv\u00e4rme med Wilo-pump","og_description":"Order Blandningssats f\u00f6r golvv\u00e4rme med Wilo-pump at a best price.","og_url":"https:\/\/fluterm.eu\/sv\/prod\/blandningssats-for-golvvarme-med-wilo-pump\/","og_site_name":"fluterm.eu","og_image":[{"width":298,"height":263,"url":"https:\/\/fluterm.eu\/wp-content\/uploads\/2023\/06\/10BE33BF-D06D-41CB-AE24-1597A1282835_4_5005_c.jpeg","type":"image\/jpeg"}],"twitter_card":"summary_large_image","twitter_misc":{"Ber\u00e4knad l\u00e4stid":"1 minut"},"schema":{"@context":"https:\/\/schema.org","@graph":[{"@type":"WebPage","@id":"https:\/\/fluterm.eu\/sv\/prod\/blandningssats-for-golvvarme-med-wilo-pump\/","url":"https:\/\/fluterm.eu\/sv\/prod\/blandningssats-for-golvvarme-med-wilo-pump\/","name":"Blandningssats f\u00f6r golvv\u00e4rme med Wilo-pump","isPartOf":{"@id":"https:\/\/fluterm.eu\/#website"},"datePublished":"2023-06-10T11:51:05+00:00","dateModified":"2023-06-10T11:51:05+00:00","description":"Order Blandningssats f\u00f6r golvv\u00e4rme med Wilo-pump at a best price.","breadcrumb":{"@id":"https:\/\/fluterm.eu\/sv\/prod\/blandningssats-for-golvvarme-med-wilo-pump\/#breadcrumb"},"inLanguage":"sv-SE","potentialAction":[{"@type":"ReadAction","target":["https:\/\/fluterm.eu\/sv\/prod\/blandningssats-for-golvvarme-med-wilo-pump\/"]}]},{"@type":"BreadcrumbList","@id":"https:\/\/fluterm.eu\/sv\/prod\/blandningssats-for-golvvarme-med-wilo-pump\/#breadcrumb","itemListElement":[{"@type":"ListItem","position":1,"name":"Home","item":"https:\/\/fluterm.eu\/sv\/butik\/"},{"@type":"ListItem","position":2,"name":"Butik","item":"https:\/\/fluterm.eu\/sv\/butik\/"},{"@type":"ListItem","position":3,"name":"Blandningssats f\u00f6r golvv\u00e4rme med Wilo-pump"}]},{"@type":"WebSite","@id":"https:\/\/fluterm.eu\/#website","url":"https:\/\/fluterm.eu\/","name":"fluterm.eu","description":"","potentialAction":[{"@type":"SearchAction","target":{"@type":"EntryPoint","urlTemplate":"https:\/\/fluterm.eu\/?s={search_term_string}"},"query-input":"required name=search_term_string"}],"inLanguage":"sv-SE"}]}},"_links":{"self":[{"href":"https:\/\/fluterm.eu\/sv\/wp-json\/wp\/v2\/product\/14728","targetHints":{"allow":["GET"]}}],"collection":[{"href":"https:\/\/fluterm.eu\/sv\/wp-json\/wp\/v2\/product"}],"about":[{"href":"https:\/\/fluterm.eu\/sv\/wp-json\/wp\/v2\/types\/product"}],"replies":[{"embeddable":true,"href":"https:\/\/fluterm.eu\/sv\/wp-json\/wp\/v2\/comments?post=14728"}],"version-history":[{"count":0,"href":"https:\/\/fluterm.eu\/sv\/wp-json\/wp\/v2\/product\/14728\/revisions"}],"wp:featuredmedia":[{"embeddable":true,"href":"https:\/\/fluterm.eu\/sv\/wp-json\/wp\/v2\/media\/3128"}],"wp:attachment":[{"href":"https:\/\/fluterm.eu\/sv\/wp-json\/wp\/v2\/media?parent=14728"}],"wp:term":[{"taxonomy":"product_cat","embeddable":true,"href":"https:\/\/fluterm.eu\/sv\/wp-json\/wp\/v2\/product_cat?post=14728"},{"taxonomy":"product_tag","embeddable":true,"href":"https:\/\/fluterm.eu\/sv\/wp-json\/wp\/v2\/product_tag?post=14728"}],"curies":[{"name":"wp","href":"https:\/\/api.w.org\/{rel}","templated":true}]}}