{"id":14990,"date":"2023-07-16T17:24:59","date_gmt":"2023-07-16T14:24:59","guid":{"rendered":"https:\/\/fluterm.eu\/prod\/blandningsenhet-med-wilo-pump-och-fordelare-med-10-kretsar-golvvarme\/"},"modified":"2023-07-16T17:24:59","modified_gmt":"2023-07-16T14:24:59","slug":"blandningsenhet-med-wilo-pump-och-manifold-med-10-vags-golvvarme","status":"publish","type":"product","link":"https:\/\/fluterm.eu\/sv\/prod\/blandningsenhet-med-wilo-pump-och-manifold-med-10-vags-golvvarme\/","title":{"rendered":"Blandningsenhet med Wilo-pump och f\u00f6rdelare med 10 kretsar golvv\u00e4rme"},"content":{"rendered":"<pre id=\"tw-target-text\" class=\"tw-data-text tw-text-large tw-ta\" dir=\"ltr\" data-placeholder=\"Translation\"><span class=\"Y2IQFc\" lang=\"en\">Description\nComplex system for mixing the thermal agent required for underfloor heating with 10 circuits, ideal for \n70-85\n square meters,\n\nMaximum length of the pipeline on the route 90 meters\n\nCalculation generated at a step of 10 cm.\n\n \n\nConsisting of :\n\n \n\n1 x distributor set 10 circuits with flowmeters\n\n1 x distributor set 10 circuits with valves (possibility of connecting the actuator with the command to the \nroom thermostat)\n\n1 x distributor clamp set\n\n20 x eurocone nut for pex pipe 16 mm x 2 mm thick (pe-xa,pe-xb,pe-xc,pe-rt)\n\n2 x distributor end tee with automatic vent and emptying\n\n1 x mixing group for underfloor heating\n\n1 x Wilo Yonos Para 25\/6 pump\n\n \n\nTechnical details:\n\n \n\n \n\n \n\nDistributor with flow meter 1\"x 10 ways + eurocone nuts 16mm + distributor end tee with automatic aerator \nand emptying\n\n \n\n \n\n1 x 1\" x 10-way stainless steel distributor set with thermostatic valves (predisposition for mounting a \nthermoelectric head (actuator) for automation on each circuit)\n\n1 x 1\" x 10 stainless steel distributor set with flow meter (to adjust the flow on each circuit depending on \nthe length of the pipe used in the circuit)\n\n1 x Distributor mounting set consisting of 2 consoles\n\n20 x Eurocon nut 16\u00d73\/4 (to make the connection from the distributor to the pe-xa, pe-xb, pe-xc, pe-rt of 1\n6mm with 2mm thickness 16\u00d72)\n\n2 x distributor end tee 1\" (automatic air vent for removing the air from the distributors, emptying valve)\n\nMaximum pressure 10 bars\n\nMaximum temperature 90 degrees C\n\n \n\n \n\nUnderfloor heating unit equipped with Wilo Yonos Para 25\/6 pump\n\nAvailable with fixed adjustment through the thermostat head with probe: adjustment range 20 - 60 degrees C.\n\nThe inlet valve controlled by the thermostatic head allows adjusting the inlet temperature of the heating \nagent supplied by the boiler to maintain a constant temperature in the floor\n\nIt allows mixing between the heating agent supplied by the boiler and the one on the floor return<\/span><\/pre>\n<div id=\"jp-relatedposts\" class=\"jp-relatedposts\">\n<div class=\"jp-relatedposts-items jp-relatedposts-items-minimal jp-relatedposts-grid \">\n<p class=\"jp-relatedposts-post jp-relatedposts-post0\" data-post-id=\"737\" data-post-format=\"false\">\n<\/div>\n<\/div>\n","protected":false},"excerpt":{"rendered":"<p>Description Complex system for mixing the thermal agent required for underfloor heating with 10 circuits, ideal for 70-85 square meters, Maximum length of the pipeline on the route 90 meters Calculation generated at a step of 10 cm. Consisting of : 1 x distributor set 10 circuits with flowmeters 1 x distributor set 10 circuits&hellip;<\/p>\n","protected":false},"featured_media":2309,"comment_status":"open","ping_status":"closed","template":"","meta":[],"product_cat":[823],"product_tag":[],"class_list":{"0":"post-14990","1":"product","2":"type-product","3":"status-publish","4":"has-post-thumbnail","6":"product_cat-distributorer-av-golvvarme","8":"first","9":"instock","10":"taxable","11":"shipping-taxable","12":"purchasable","13":"product-type-simple","14":"col-xs-6 col-sm-4","15":"col-md-4 col-lg-4","16":"un-3-cols"},"acf":[],"yoast_head":"<!-- This site is optimized with the Yoast SEO plugin v21.2 - https:\/\/yoast.com\/wordpress\/plugins\/seo\/ -->\n<title>Blandningsenhet med Wilo-pump och f\u00f6rdelare med 10 kretsar golvv\u00e4rme<\/title>\n<meta name=\"description\" content=\"Order Blandningsenhet med Wilo-pump och f\u00f6rdelare med 10 kretsar golvv\u00e4rme at a best price.\" \/>\n<meta name=\"robots\" content=\"index, follow, max-snippet:-1, max-image-preview:large, max-video-preview:-1\" \/>\n<link rel=\"canonical\" href=\"https:\/\/fluterm.eu\/sv\/prod\/blandningsenhet-med-wilo-pump-och-fordelare-med-10-kretsar-golvvarme\/\" \/>\n<meta property=\"og:locale\" content=\"sv_SE\" \/>\n<meta property=\"og:type\" content=\"article\" \/>\n<meta property=\"og:title\" content=\"Blandningsenhet med Wilo-pump och f\u00f6rdelare med 10 kretsar golvv\u00e4rme\" \/>\n<meta property=\"og:description\" content=\"Order Blandningsenhet med Wilo-pump och f\u00f6rdelare med 10 kretsar golvv\u00e4rme at a best price.\" \/>\n<meta property=\"og:url\" content=\"https:\/\/fluterm.eu\/sv\/prod\/blandningsenhet-med-wilo-pump-och-fordelare-med-10-kretsar-golvvarme\/\" \/>\n<meta property=\"og:site_name\" content=\"fluterm.eu\" \/>\n<meta property=\"og:image\" content=\"https:\/\/fluterm.eu\/wp-content\/uploads\/2023\/04\/4DFFB331-FA82-4AB2-A69D-38F0D26AA695.jpeg\" \/>\n\t<meta property=\"og:image:width\" content=\"445\" \/>\n\t<meta property=\"og:image:height\" content=\"445\" \/>\n\t<meta property=\"og:image:type\" content=\"image\/jpeg\" \/>\n<meta name=\"twitter:card\" content=\"summary_large_image\" \/>\n<meta name=\"twitter:label1\" content=\"Ber\u00e4knad l\u00e4stid\" \/>\n\t<meta name=\"twitter:data1\" content=\"1 minut\" \/>\n<script type=\"application\/ld+json\" class=\"yoast-schema-graph\">{\"@context\":\"https:\/\/schema.org\",\"@graph\":[{\"@type\":\"WebPage\",\"@id\":\"https:\/\/fluterm.eu\/sv\/prod\/blandningsenhet-med-wilo-pump-och-fordelare-med-10-kretsar-golvvarme\/\",\"url\":\"https:\/\/fluterm.eu\/sv\/prod\/blandningsenhet-med-wilo-pump-och-fordelare-med-10-kretsar-golvvarme\/\",\"name\":\"Blandningsenhet med Wilo-pump och f\u00f6rdelare med 10 kretsar golvv\u00e4rme\",\"isPartOf\":{\"@id\":\"https:\/\/fluterm.eu\/#website\"},\"datePublished\":\"2023-07-16T14:24:59+00:00\",\"dateModified\":\"2023-07-16T14:24:59+00:00\",\"description\":\"Order Blandningsenhet med Wilo-pump och f\u00f6rdelare med 10 kretsar golvv\u00e4rme at a best price.\",\"breadcrumb\":{\"@id\":\"https:\/\/fluterm.eu\/sv\/prod\/blandningsenhet-med-wilo-pump-och-fordelare-med-10-kretsar-golvvarme\/#breadcrumb\"},\"inLanguage\":\"sv-SE\",\"potentialAction\":[{\"@type\":\"ReadAction\",\"target\":[\"https:\/\/fluterm.eu\/sv\/prod\/blandningsenhet-med-wilo-pump-och-fordelare-med-10-kretsar-golvvarme\/\"]}]},{\"@type\":\"BreadcrumbList\",\"@id\":\"https:\/\/fluterm.eu\/sv\/prod\/blandningsenhet-med-wilo-pump-och-fordelare-med-10-kretsar-golvvarme\/#breadcrumb\",\"itemListElement\":[{\"@type\":\"ListItem\",\"position\":1,\"name\":\"Home\",\"item\":\"https:\/\/fluterm.eu\/sv\/butik\/\"},{\"@type\":\"ListItem\",\"position\":2,\"name\":\"Butik\",\"item\":\"https:\/\/fluterm.eu\/sv\/butik\/\"},{\"@type\":\"ListItem\",\"position\":3,\"name\":\"Blandningsenhet med Wilo-pump och f\u00f6rdelare med 10 kretsar golvv\u00e4rme\"}]},{\"@type\":\"WebSite\",\"@id\":\"https:\/\/fluterm.eu\/#website\",\"url\":\"https:\/\/fluterm.eu\/\",\"name\":\"fluterm.eu\",\"description\":\"\",\"potentialAction\":[{\"@type\":\"SearchAction\",\"target\":{\"@type\":\"EntryPoint\",\"urlTemplate\":\"https:\/\/fluterm.eu\/?s={search_term_string}\"},\"query-input\":\"required name=search_term_string\"}],\"inLanguage\":\"sv-SE\"}]}<\/script>\n<!-- \/ Yoast SEO plugin. -->","yoast_head_json":{"title":"Blandningsenhet med Wilo-pump och f\u00f6rdelare med 10 kretsar golvv\u00e4rme","description":"Order Blandningsenhet med Wilo-pump och f\u00f6rdelare med 10 kretsar golvv\u00e4rme at a best price.","robots":{"index":"index","follow":"follow","max-snippet":"max-snippet:-1","max-image-preview":"max-image-preview:large","max-video-preview":"max-video-preview:-1"},"canonical":"https:\/\/fluterm.eu\/sv\/prod\/blandningsenhet-med-wilo-pump-och-fordelare-med-10-kretsar-golvvarme\/","og_locale":"sv_SE","og_type":"article","og_title":"Blandningsenhet med Wilo-pump och f\u00f6rdelare med 10 kretsar golvv\u00e4rme","og_description":"Order Blandningsenhet med Wilo-pump och f\u00f6rdelare med 10 kretsar golvv\u00e4rme at a best price.","og_url":"https:\/\/fluterm.eu\/sv\/prod\/blandningsenhet-med-wilo-pump-och-fordelare-med-10-kretsar-golvvarme\/","og_site_name":"fluterm.eu","og_image":[{"width":445,"height":445,"url":"https:\/\/fluterm.eu\/wp-content\/uploads\/2023\/04\/4DFFB331-FA82-4AB2-A69D-38F0D26AA695.jpeg","type":"image\/jpeg"}],"twitter_card":"summary_large_image","twitter_misc":{"Ber\u00e4knad l\u00e4stid":"1 minut"},"schema":{"@context":"https:\/\/schema.org","@graph":[{"@type":"WebPage","@id":"https:\/\/fluterm.eu\/sv\/prod\/blandningsenhet-med-wilo-pump-och-fordelare-med-10-kretsar-golvvarme\/","url":"https:\/\/fluterm.eu\/sv\/prod\/blandningsenhet-med-wilo-pump-och-fordelare-med-10-kretsar-golvvarme\/","name":"Blandningsenhet med Wilo-pump och f\u00f6rdelare med 10 kretsar golvv\u00e4rme","isPartOf":{"@id":"https:\/\/fluterm.eu\/#website"},"datePublished":"2023-07-16T14:24:59+00:00","dateModified":"2023-07-16T14:24:59+00:00","description":"Order Blandningsenhet med Wilo-pump och f\u00f6rdelare med 10 kretsar golvv\u00e4rme at a best price.","breadcrumb":{"@id":"https:\/\/fluterm.eu\/sv\/prod\/blandningsenhet-med-wilo-pump-och-fordelare-med-10-kretsar-golvvarme\/#breadcrumb"},"inLanguage":"sv-SE","potentialAction":[{"@type":"ReadAction","target":["https:\/\/fluterm.eu\/sv\/prod\/blandningsenhet-med-wilo-pump-och-fordelare-med-10-kretsar-golvvarme\/"]}]},{"@type":"BreadcrumbList","@id":"https:\/\/fluterm.eu\/sv\/prod\/blandningsenhet-med-wilo-pump-och-fordelare-med-10-kretsar-golvvarme\/#breadcrumb","itemListElement":[{"@type":"ListItem","position":1,"name":"Home","item":"https:\/\/fluterm.eu\/sv\/butik\/"},{"@type":"ListItem","position":2,"name":"Butik","item":"https:\/\/fluterm.eu\/sv\/butik\/"},{"@type":"ListItem","position":3,"name":"Blandningsenhet med Wilo-pump och f\u00f6rdelare med 10 kretsar golvv\u00e4rme"}]},{"@type":"WebSite","@id":"https:\/\/fluterm.eu\/#website","url":"https:\/\/fluterm.eu\/","name":"fluterm.eu","description":"","potentialAction":[{"@type":"SearchAction","target":{"@type":"EntryPoint","urlTemplate":"https:\/\/fluterm.eu\/?s={search_term_string}"},"query-input":"required name=search_term_string"}],"inLanguage":"sv-SE"}]}},"_links":{"self":[{"href":"https:\/\/fluterm.eu\/sv\/wp-json\/wp\/v2\/product\/14990","targetHints":{"allow":["GET"]}}],"collection":[{"href":"https:\/\/fluterm.eu\/sv\/wp-json\/wp\/v2\/product"}],"about":[{"href":"https:\/\/fluterm.eu\/sv\/wp-json\/wp\/v2\/types\/product"}],"replies":[{"embeddable":true,"href":"https:\/\/fluterm.eu\/sv\/wp-json\/wp\/v2\/comments?post=14990"}],"version-history":[{"count":0,"href":"https:\/\/fluterm.eu\/sv\/wp-json\/wp\/v2\/product\/14990\/revisions"}],"wp:featuredmedia":[{"embeddable":true,"href":"https:\/\/fluterm.eu\/sv\/wp-json\/wp\/v2\/media\/2309"}],"wp:attachment":[{"href":"https:\/\/fluterm.eu\/sv\/wp-json\/wp\/v2\/media?parent=14990"}],"wp:term":[{"taxonomy":"product_cat","embeddable":true,"href":"https:\/\/fluterm.eu\/sv\/wp-json\/wp\/v2\/product_cat?post=14990"},{"taxonomy":"product_tag","embeddable":true,"href":"https:\/\/fluterm.eu\/sv\/wp-json\/wp\/v2\/product_tag?post=14990"}],"curies":[{"name":"wp","href":"https:\/\/api.w.org\/{rel}","templated":true}]}}