{"id":15443,"date":"2023-07-14T22:04:01","date_gmt":"2023-07-14T19:04:01","guid":{"rendered":"https:\/\/fluterm.eu\/prod\/massing-manifold-set-8-circuits-pexal-ror-16x2-for-radiatorer-fullt-utrustade\/"},"modified":"2023-07-14T22:04:01","modified_gmt":"2023-07-14T19:04:01","slug":"massing-manifold-set-8-kretsar-pexal-ror-16x2-for-radiatorer-fullt-utrustade","status":"publish","type":"product","link":"https:\/\/fluterm.eu\/sv\/prod\/massing-manifold-set-8-kretsar-pexal-ror-16x2-for-radiatorer-fullt-utrustade\/","title":{"rendered":"M\u00e4ssing Manifold Set 8 Circuits pexal r\u00f6r 16\u00d72 f\u00f6r radiatorer fullt utrustade"},"content":{"rendered":"<ol>\n<li>grenr\u00f6r<\/li>\n<li>v\u00e4ggst\u00f6d<\/li>\n<li>terminalsats med automatisk luftventilation<\/li>\n<li>Ballvalv<\/li>\n<li>eurocone 16&#215;2<\/li>\n<li>metalliskt sk\u00e5p<\/li>\n<\/ol>\n","protected":false},"excerpt":{"rendered":"<p>grenr\u00f6r v\u00e4ggst\u00f6d terminalsats med automatisk luftventilation Ballvalv eurocone 16&#215;2 metalliskt sk\u00e5p<\/p>\n","protected":false},"featured_media":3443,"comment_status":"open","ping_status":"closed","template":"","meta":[],"product_cat":[1023],"product_tag":[],"class_list":{"0":"post-15443","1":"product","2":"type-product","3":"status-publish","4":"has-post-thumbnail","6":"product_cat-kylare-samlingsror","8":"first","9":"instock","10":"taxable","11":"shipping-taxable","12":"purchasable","13":"product-type-simple","14":"col-xs-6 col-sm-4","15":"col-md-4 col-lg-4","16":"un-3-cols"},"acf":[],"yoast_head":"<!-- This site is optimized with the Yoast SEO plugin v21.2 - https:\/\/yoast.com\/wordpress\/plugins\/seo\/ -->\n<title>M\u00e4ssing Manifold Set 8 Circuits pexal r\u00f6r 16\u00d72 f\u00f6r radiatorer fullt utrustade<\/title>\n<meta name=\"description\" content=\"Order M\u00e4ssing Manifold Set 8 Circuits pexal r\u00f6r 16\u00d72 f\u00f6r radiatorer fullt utrustade at a best price.\" \/>\n<meta name=\"robots\" content=\"index, follow, max-snippet:-1, max-image-preview:large, max-video-preview:-1\" \/>\n<link rel=\"canonical\" href=\"https:\/\/fluterm.eu\/sv\/prod\/massing-manifold-set-8-circuits-pexal-ror-16x2-for-radiatorer-fullt-utrustade\/\" \/>\n<meta property=\"og:locale\" content=\"sv_SE\" \/>\n<meta property=\"og:type\" content=\"article\" \/>\n<meta property=\"og:title\" content=\"M\u00e4ssing Manifold Set 8 Circuits pexal r\u00f6r 16\u00d72 f\u00f6r radiatorer fullt utrustade\" \/>\n<meta property=\"og:description\" content=\"Order M\u00e4ssing Manifold Set 8 Circuits pexal r\u00f6r 16\u00d72 f\u00f6r radiatorer fullt utrustade at a best price.\" \/>\n<meta property=\"og:url\" content=\"https:\/\/fluterm.eu\/sv\/prod\/massing-manifold-set-8-circuits-pexal-ror-16x2-for-radiatorer-fullt-utrustade\/\" \/>\n<meta property=\"og:site_name\" content=\"fluterm.eu\" \/>\n<meta property=\"og:image\" content=\"https:\/\/fluterm.eu\/wp-content\/uploads\/2023\/07\/03257D2D-C630-4123-BBD9-62B300FF912E.jpeg\" \/>\n\t<meta property=\"og:image:width\" content=\"2000\" \/>\n\t<meta property=\"og:image:height\" content=\"2000\" \/>\n\t<meta property=\"og:image:type\" content=\"image\/jpeg\" \/>\n<meta name=\"twitter:card\" content=\"summary_large_image\" \/>\n<script type=\"application\/ld+json\" class=\"yoast-schema-graph\">{\"@context\":\"https:\/\/schema.org\",\"@graph\":[{\"@type\":\"WebPage\",\"@id\":\"https:\/\/fluterm.eu\/sv\/prod\/massing-manifold-set-8-circuits-pexal-ror-16x2-for-radiatorer-fullt-utrustade\/\",\"url\":\"https:\/\/fluterm.eu\/sv\/prod\/massing-manifold-set-8-circuits-pexal-ror-16x2-for-radiatorer-fullt-utrustade\/\",\"name\":\"M\u00e4ssing Manifold Set 8 Circuits pexal r\u00f6r 16\u00d72 f\u00f6r radiatorer fullt utrustade\",\"isPartOf\":{\"@id\":\"https:\/\/fluterm.eu\/#website\"},\"datePublished\":\"2023-07-14T19:04:01+00:00\",\"dateModified\":\"2023-07-14T19:04:01+00:00\",\"description\":\"Order M\u00e4ssing Manifold Set 8 Circuits pexal r\u00f6r 16\u00d72 f\u00f6r radiatorer fullt utrustade at a best price.\",\"breadcrumb\":{\"@id\":\"https:\/\/fluterm.eu\/sv\/prod\/massing-manifold-set-8-circuits-pexal-ror-16x2-for-radiatorer-fullt-utrustade\/#breadcrumb\"},\"inLanguage\":\"sv-SE\",\"potentialAction\":[{\"@type\":\"ReadAction\",\"target\":[\"https:\/\/fluterm.eu\/sv\/prod\/massing-manifold-set-8-circuits-pexal-ror-16x2-for-radiatorer-fullt-utrustade\/\"]}]},{\"@type\":\"BreadcrumbList\",\"@id\":\"https:\/\/fluterm.eu\/sv\/prod\/massing-manifold-set-8-circuits-pexal-ror-16x2-for-radiatorer-fullt-utrustade\/#breadcrumb\",\"itemListElement\":[{\"@type\":\"ListItem\",\"position\":1,\"name\":\"Home\",\"item\":\"https:\/\/fluterm.eu\/sv\/butik\/\"},{\"@type\":\"ListItem\",\"position\":2,\"name\":\"Butik\",\"item\":\"https:\/\/fluterm.eu\/sv\/butik\/\"},{\"@type\":\"ListItem\",\"position\":3,\"name\":\"M\u00e4ssing Manifold Set 8 Circuits pexal r\u00f6r 16\u00d72 f\u00f6r radiatorer fullt utrustade\"}]},{\"@type\":\"WebSite\",\"@id\":\"https:\/\/fluterm.eu\/#website\",\"url\":\"https:\/\/fluterm.eu\/\",\"name\":\"fluterm.eu\",\"description\":\"\",\"potentialAction\":[{\"@type\":\"SearchAction\",\"target\":{\"@type\":\"EntryPoint\",\"urlTemplate\":\"https:\/\/fluterm.eu\/?s={search_term_string}\"},\"query-input\":\"required name=search_term_string\"}],\"inLanguage\":\"sv-SE\"}]}<\/script>\n<!-- \/ Yoast SEO plugin. -->","yoast_head_json":{"title":"M\u00e4ssing Manifold Set 8 Circuits pexal r\u00f6r 16\u00d72 f\u00f6r radiatorer fullt utrustade","description":"Order M\u00e4ssing Manifold Set 8 Circuits pexal r\u00f6r 16\u00d72 f\u00f6r radiatorer fullt utrustade at a best price.","robots":{"index":"index","follow":"follow","max-snippet":"max-snippet:-1","max-image-preview":"max-image-preview:large","max-video-preview":"max-video-preview:-1"},"canonical":"https:\/\/fluterm.eu\/sv\/prod\/massing-manifold-set-8-circuits-pexal-ror-16x2-for-radiatorer-fullt-utrustade\/","og_locale":"sv_SE","og_type":"article","og_title":"M\u00e4ssing Manifold Set 8 Circuits pexal r\u00f6r 16\u00d72 f\u00f6r radiatorer fullt utrustade","og_description":"Order M\u00e4ssing Manifold Set 8 Circuits pexal r\u00f6r 16\u00d72 f\u00f6r radiatorer fullt utrustade at a best price.","og_url":"https:\/\/fluterm.eu\/sv\/prod\/massing-manifold-set-8-circuits-pexal-ror-16x2-for-radiatorer-fullt-utrustade\/","og_site_name":"fluterm.eu","og_image":[{"width":2000,"height":2000,"url":"https:\/\/fluterm.eu\/wp-content\/uploads\/2023\/07\/03257D2D-C630-4123-BBD9-62B300FF912E.jpeg","type":"image\/jpeg"}],"twitter_card":"summary_large_image","schema":{"@context":"https:\/\/schema.org","@graph":[{"@type":"WebPage","@id":"https:\/\/fluterm.eu\/sv\/prod\/massing-manifold-set-8-circuits-pexal-ror-16x2-for-radiatorer-fullt-utrustade\/","url":"https:\/\/fluterm.eu\/sv\/prod\/massing-manifold-set-8-circuits-pexal-ror-16x2-for-radiatorer-fullt-utrustade\/","name":"M\u00e4ssing Manifold Set 8 Circuits pexal r\u00f6r 16\u00d72 f\u00f6r radiatorer fullt utrustade","isPartOf":{"@id":"https:\/\/fluterm.eu\/#website"},"datePublished":"2023-07-14T19:04:01+00:00","dateModified":"2023-07-14T19:04:01+00:00","description":"Order M\u00e4ssing Manifold Set 8 Circuits pexal r\u00f6r 16\u00d72 f\u00f6r radiatorer fullt utrustade at a best price.","breadcrumb":{"@id":"https:\/\/fluterm.eu\/sv\/prod\/massing-manifold-set-8-circuits-pexal-ror-16x2-for-radiatorer-fullt-utrustade\/#breadcrumb"},"inLanguage":"sv-SE","potentialAction":[{"@type":"ReadAction","target":["https:\/\/fluterm.eu\/sv\/prod\/massing-manifold-set-8-circuits-pexal-ror-16x2-for-radiatorer-fullt-utrustade\/"]}]},{"@type":"BreadcrumbList","@id":"https:\/\/fluterm.eu\/sv\/prod\/massing-manifold-set-8-circuits-pexal-ror-16x2-for-radiatorer-fullt-utrustade\/#breadcrumb","itemListElement":[{"@type":"ListItem","position":1,"name":"Home","item":"https:\/\/fluterm.eu\/sv\/butik\/"},{"@type":"ListItem","position":2,"name":"Butik","item":"https:\/\/fluterm.eu\/sv\/butik\/"},{"@type":"ListItem","position":3,"name":"M\u00e4ssing Manifold Set 8 Circuits pexal r\u00f6r 16\u00d72 f\u00f6r radiatorer fullt utrustade"}]},{"@type":"WebSite","@id":"https:\/\/fluterm.eu\/#website","url":"https:\/\/fluterm.eu\/","name":"fluterm.eu","description":"","potentialAction":[{"@type":"SearchAction","target":{"@type":"EntryPoint","urlTemplate":"https:\/\/fluterm.eu\/?s={search_term_string}"},"query-input":"required name=search_term_string"}],"inLanguage":"sv-SE"}]}},"_links":{"self":[{"href":"https:\/\/fluterm.eu\/sv\/wp-json\/wp\/v2\/product\/15443","targetHints":{"allow":["GET"]}}],"collection":[{"href":"https:\/\/fluterm.eu\/sv\/wp-json\/wp\/v2\/product"}],"about":[{"href":"https:\/\/fluterm.eu\/sv\/wp-json\/wp\/v2\/types\/product"}],"replies":[{"embeddable":true,"href":"https:\/\/fluterm.eu\/sv\/wp-json\/wp\/v2\/comments?post=15443"}],"version-history":[{"count":0,"href":"https:\/\/fluterm.eu\/sv\/wp-json\/wp\/v2\/product\/15443\/revisions"}],"wp:featuredmedia":[{"embeddable":true,"href":"https:\/\/fluterm.eu\/sv\/wp-json\/wp\/v2\/media\/3443"}],"wp:attachment":[{"href":"https:\/\/fluterm.eu\/sv\/wp-json\/wp\/v2\/media?parent=15443"}],"wp:term":[{"taxonomy":"product_cat","embeddable":true,"href":"https:\/\/fluterm.eu\/sv\/wp-json\/wp\/v2\/product_cat?post=15443"},{"taxonomy":"product_tag","embeddable":true,"href":"https:\/\/fluterm.eu\/sv\/wp-json\/wp\/v2\/product_tag?post=15443"}],"curies":[{"name":"wp","href":"https:\/\/api.w.org\/{rel}","templated":true}]}}