{"id":15495,"date":"2023-06-10T14:51:29","date_gmt":"2023-06-10T11:51:29","guid":{"rendered":"https:\/\/fluterm.eu\/prod\/golvvarmepaket-80m2\/"},"modified":"2023-06-10T14:51:29","modified_gmt":"2023-06-10T11:51:29","slug":"golvvarme-paket-80-100m2","status":"publish","type":"product","link":"https:\/\/fluterm.eu\/sv\/prod\/golvvarme-paket-80-100m2\/","title":{"rendered":"Golvv\u00e4rmepaket 80m2"},"content":{"rendered":"<div style=\"text-align: center;\"><strong>50 \u00e5rs garanti<\/strong><\/div>\n<div>Att skapa det perfekta golvv\u00e4rmesystemet f\u00f6r ditt hem eller kommersiella lokaler \u00e4r bara ett steg bort med v\u00e5rt kompletta varmvattengolvv\u00e4rmesystem. Med tillr\u00e4cklig r\u00f6rl\u00e4ngd f\u00f6r att t\u00e4cka 80 m\u00b2, har alla h\u00f6gkvalitativa produkter och delar som du kan f\u00f6rv\u00e4nta dig.<\/div>\n<div><\/div>\n<p>Pipe &amp; Clip-golvv\u00e4rmesystemet \u00e4r enkelt att installera, Pex-skiktr\u00f6ret klickas fast i isoleringsskiktet innan avj\u00e4mningsmassan antingen appliceras med murslev eller flytande avj\u00e4mningsmassa h\u00e4lls p\u00e5.<\/p>\n<div>Vi rekommenderar alltid att r\u00f6ret kapas exakt och brotschas ut f\u00f6r att ge en bra anslutning till r\u00f6rdelarna och f\u00f6rhindra l\u00e4ckage.<\/div>\n<div><\/div>\n<div><b>V\u00e4rmesats &#8211; 80.0m\u00b2:<\/b><\/div>\n<div><\/div>\n<div>\n<ul>\n<li>800 meter 16 mm r\u00f6r livstidsgaranti<\/li>\n<li>&#8221;A&#8221; klassad l\u00e5genergi ibo amg pump och Thermomix automatisk blandningsventil<\/li>\n<li>8 Port Manifold &#8211; H\u00f6gkvalitativ nickelpl\u00e4terad m\u00e4ssing med montering av dualmix-grenr\u00f6r<\/li>\n<li>2 x ventiler f\u00f6r vattenavtappning\/p\u00e5fyllning<\/li>\n<li>2 x termometerkulventiler<\/li>\n<li>2 x automatiska avluftningsventiler<\/li>\n<li>16 x 16 mm r\u00f6rkopplingar (Eurocone)<\/li>\n<li>2400 st r\u00f6rkl\u00e4mmor med h\u00f6gt grepp<\/li>\n<li>50 m kantisolering<\/li>\n<li>100m2 aluminiumfolie<\/li>\n<\/ul>\n<p>Golvt\u00e4ckning: 80,0 m\u00b2 &#8211; 100,0 m\u00b2<br \/>\n&#8211; 80,0 m\u00b2 @ 100 mm avst\u00e5nd f\u00f6r omr\u00e5den med h\u00f6g v\u00e4rmef\u00f6rlust (vintertr\u00e4dg\u00e5rdar)<br \/>\n&#8211; 100,0 m\u00b2 @ 150 mm mellanrum f\u00f6r prim\u00e4r uppv\u00e4rmning (vardagsrum, badrum, sovrum)<\/p>\n<\/div>\n","protected":false},"excerpt":{"rendered":"<p>Golvv\u00e4rmepaket 80-100m2<\/p>\n","protected":false},"featured_media":2708,"comment_status":"open","ping_status":"closed","template":"","meta":[],"product_cat":[889],"product_tag":[],"class_list":{"0":"post-15495","1":"product","2":"type-product","3":"status-publish","4":"has-post-thumbnail","6":"product_cat-kompletta-paket-for-golvvarme","8":"first","9":"instock","10":"taxable","11":"shipping-taxable","12":"purchasable","13":"product-type-simple","14":"col-xs-6 col-sm-4","15":"col-md-4 col-lg-4","16":"un-3-cols"},"acf":[],"yoast_head":"<!-- This site is optimized with the Yoast SEO plugin v21.2 - https:\/\/yoast.com\/wordpress\/plugins\/seo\/ -->\n<title>Golvv\u00e4rmepaket 80m2<\/title>\n<meta name=\"description\" content=\"Order Golvv\u00e4rmepaket 80m2 at a best price.\" \/>\n<meta name=\"robots\" content=\"index, follow, max-snippet:-1, max-image-preview:large, max-video-preview:-1\" \/>\n<link rel=\"canonical\" href=\"https:\/\/fluterm.eu\/sv\/prod\/golvvarmepaket-80m2\/\" \/>\n<meta property=\"og:locale\" content=\"sv_SE\" \/>\n<meta property=\"og:type\" content=\"article\" \/>\n<meta property=\"og:title\" content=\"Golvv\u00e4rmepaket 80m2\" \/>\n<meta property=\"og:description\" content=\"Order Golvv\u00e4rmepaket 80m2 at a best price.\" \/>\n<meta property=\"og:url\" content=\"https:\/\/fluterm.eu\/sv\/prod\/golvvarmepaket-80m2\/\" \/>\n<meta property=\"og:site_name\" content=\"fluterm.eu\" \/>\n<meta property=\"og:image\" content=\"https:\/\/fluterm.eu\/wp-content\/uploads\/2023\/06\/FA1FC67F-2E33-4D0B-8017-C78810942B5B.jpeg\" \/>\n\t<meta property=\"og:image:width\" content=\"2048\" \/>\n\t<meta property=\"og:image:height\" content=\"2048\" \/>\n\t<meta property=\"og:image:type\" content=\"image\/jpeg\" \/>\n<meta name=\"twitter:card\" content=\"summary_large_image\" \/>\n<meta name=\"twitter:label1\" content=\"Ber\u00e4knad l\u00e4stid\" \/>\n\t<meta name=\"twitter:data1\" content=\"1 minut\" \/>\n<script type=\"application\/ld+json\" class=\"yoast-schema-graph\">{\"@context\":\"https:\/\/schema.org\",\"@graph\":[{\"@type\":\"WebPage\",\"@id\":\"https:\/\/fluterm.eu\/sv\/prod\/golvvarmepaket-80m2\/\",\"url\":\"https:\/\/fluterm.eu\/sv\/prod\/golvvarmepaket-80m2\/\",\"name\":\"Golvv\u00e4rmepaket 80m2\",\"isPartOf\":{\"@id\":\"https:\/\/fluterm.eu\/#website\"},\"datePublished\":\"2023-06-10T11:51:29+00:00\",\"dateModified\":\"2023-06-10T11:51:29+00:00\",\"description\":\"Order Golvv\u00e4rmepaket 80m2 at a best price.\",\"breadcrumb\":{\"@id\":\"https:\/\/fluterm.eu\/sv\/prod\/golvvarmepaket-80m2\/#breadcrumb\"},\"inLanguage\":\"sv-SE\",\"potentialAction\":[{\"@type\":\"ReadAction\",\"target\":[\"https:\/\/fluterm.eu\/sv\/prod\/golvvarmepaket-80m2\/\"]}]},{\"@type\":\"BreadcrumbList\",\"@id\":\"https:\/\/fluterm.eu\/sv\/prod\/golvvarmepaket-80m2\/#breadcrumb\",\"itemListElement\":[{\"@type\":\"ListItem\",\"position\":1,\"name\":\"Home\",\"item\":\"https:\/\/fluterm.eu\/sv\/butik\/\"},{\"@type\":\"ListItem\",\"position\":2,\"name\":\"Butik\",\"item\":\"https:\/\/fluterm.eu\/sv\/butik\/\"},{\"@type\":\"ListItem\",\"position\":3,\"name\":\"Golvv\u00e4rmepaket 80m2\"}]},{\"@type\":\"WebSite\",\"@id\":\"https:\/\/fluterm.eu\/#website\",\"url\":\"https:\/\/fluterm.eu\/\",\"name\":\"fluterm.eu\",\"description\":\"\",\"potentialAction\":[{\"@type\":\"SearchAction\",\"target\":{\"@type\":\"EntryPoint\",\"urlTemplate\":\"https:\/\/fluterm.eu\/?s={search_term_string}\"},\"query-input\":\"required name=search_term_string\"}],\"inLanguage\":\"sv-SE\"}]}<\/script>\n<!-- \/ Yoast SEO plugin. -->","yoast_head_json":{"title":"Golvv\u00e4rmepaket 80m2","description":"Order Golvv\u00e4rmepaket 80m2 at a best price.","robots":{"index":"index","follow":"follow","max-snippet":"max-snippet:-1","max-image-preview":"max-image-preview:large","max-video-preview":"max-video-preview:-1"},"canonical":"https:\/\/fluterm.eu\/sv\/prod\/golvvarmepaket-80m2\/","og_locale":"sv_SE","og_type":"article","og_title":"Golvv\u00e4rmepaket 80m2","og_description":"Order Golvv\u00e4rmepaket 80m2 at a best price.","og_url":"https:\/\/fluterm.eu\/sv\/prod\/golvvarmepaket-80m2\/","og_site_name":"fluterm.eu","og_image":[{"width":2048,"height":2048,"url":"https:\/\/fluterm.eu\/wp-content\/uploads\/2023\/06\/FA1FC67F-2E33-4D0B-8017-C78810942B5B.jpeg","type":"image\/jpeg"}],"twitter_card":"summary_large_image","twitter_misc":{"Ber\u00e4knad l\u00e4stid":"1 minut"},"schema":{"@context":"https:\/\/schema.org","@graph":[{"@type":"WebPage","@id":"https:\/\/fluterm.eu\/sv\/prod\/golvvarmepaket-80m2\/","url":"https:\/\/fluterm.eu\/sv\/prod\/golvvarmepaket-80m2\/","name":"Golvv\u00e4rmepaket 80m2","isPartOf":{"@id":"https:\/\/fluterm.eu\/#website"},"datePublished":"2023-06-10T11:51:29+00:00","dateModified":"2023-06-10T11:51:29+00:00","description":"Order Golvv\u00e4rmepaket 80m2 at a best price.","breadcrumb":{"@id":"https:\/\/fluterm.eu\/sv\/prod\/golvvarmepaket-80m2\/#breadcrumb"},"inLanguage":"sv-SE","potentialAction":[{"@type":"ReadAction","target":["https:\/\/fluterm.eu\/sv\/prod\/golvvarmepaket-80m2\/"]}]},{"@type":"BreadcrumbList","@id":"https:\/\/fluterm.eu\/sv\/prod\/golvvarmepaket-80m2\/#breadcrumb","itemListElement":[{"@type":"ListItem","position":1,"name":"Home","item":"https:\/\/fluterm.eu\/sv\/butik\/"},{"@type":"ListItem","position":2,"name":"Butik","item":"https:\/\/fluterm.eu\/sv\/butik\/"},{"@type":"ListItem","position":3,"name":"Golvv\u00e4rmepaket 80m2"}]},{"@type":"WebSite","@id":"https:\/\/fluterm.eu\/#website","url":"https:\/\/fluterm.eu\/","name":"fluterm.eu","description":"","potentialAction":[{"@type":"SearchAction","target":{"@type":"EntryPoint","urlTemplate":"https:\/\/fluterm.eu\/?s={search_term_string}"},"query-input":"required name=search_term_string"}],"inLanguage":"sv-SE"}]}},"_links":{"self":[{"href":"https:\/\/fluterm.eu\/sv\/wp-json\/wp\/v2\/product\/15495","targetHints":{"allow":["GET"]}}],"collection":[{"href":"https:\/\/fluterm.eu\/sv\/wp-json\/wp\/v2\/product"}],"about":[{"href":"https:\/\/fluterm.eu\/sv\/wp-json\/wp\/v2\/types\/product"}],"replies":[{"embeddable":true,"href":"https:\/\/fluterm.eu\/sv\/wp-json\/wp\/v2\/comments?post=15495"}],"version-history":[{"count":0,"href":"https:\/\/fluterm.eu\/sv\/wp-json\/wp\/v2\/product\/15495\/revisions"}],"wp:featuredmedia":[{"embeddable":true,"href":"https:\/\/fluterm.eu\/sv\/wp-json\/wp\/v2\/media\/2708"}],"wp:attachment":[{"href":"https:\/\/fluterm.eu\/sv\/wp-json\/wp\/v2\/media?parent=15495"}],"wp:term":[{"taxonomy":"product_cat","embeddable":true,"href":"https:\/\/fluterm.eu\/sv\/wp-json\/wp\/v2\/product_cat?post=15495"},{"taxonomy":"product_tag","embeddable":true,"href":"https:\/\/fluterm.eu\/sv\/wp-json\/wp\/v2\/product_tag?post=15495"}],"curies":[{"name":"wp","href":"https:\/\/api.w.org\/{rel}","templated":true}]}}