{"id":9011,"date":"2023-09-03T15:24:40","date_gmt":"2023-09-03T12:24:40","guid":{"rendered":"https:\/\/fluterm.eu\/prod\/growatt-batteri-ark-2-5l-a1-spf\/"},"modified":"2023-09-06T13:41:05","modified_gmt":"2023-09-06T10:41:05","slug":"growatt-batteri-ark-2-5l-a1-spf","status":"publish","type":"product","link":"https:\/\/fluterm.eu\/sv\/prod\/growatt-batteri-ark-2-5l-a1-spf\/","title":{"rendered":"GROWATT BATTERI ARK-2.5L-A1 SPF"},"content":{"rendered":"<div class=\"widget widget-tab container mx-auto nopa\">\n<div class=\"widget-inner\">\n<div class=\"tab-content\">\n<div class=\"tab-pane pr-0 pl-0 active\" role=\"tabpanel\">\n<div class=\"my-4\" data-builder-child-container=\"630dee388da9b\">\n<div class=\"widget widget-text widget-none producertag h6 producer text-muted mt-0 mb-3\">\n<div class=\"widget-inner bg-appearance pt-0 pr-0 pb-0 pl-0\">\n<p><img decoding=\"async\" src=\"https:\/\/cdn02.plentymarkets.com\/kmyhaikn11xq\/frontend\/ebay-actec\/GROWATT.png\"><\/p>\n<\/div>\n<\/div>\n<div class=\"widget widget-text widget-none mt-0 mr-0 mb-5 ml-0\">\n<div class=\"widget-inner bg-appearance pt-0 pr-0 pb-0 pl-0\">\n<h2><span>Growatt-batteri ARK-2.5L-A1 SPF<\/span><\/h2>\n<p><span>Koboltfria litiumlagringsmoduler med LiFePO4-teknik! Under dagen kan du bekv\u00e4mt anv\u00e4nda den egengenererade elen fr\u00e5n ditt solcellssystem. Men vad h\u00e4nder om det blir m\u00f6rkt eller om du producerar mer el \u00e4n du beh\u00f6ver? Eller vill du leva s\u00e5 sj\u00e4lvf\u00f6rs\u00f6rjande som m\u00f6jligt? I detta fall \u00e4r energilagring ett alternativ. Growatt ARK LV lagringsmoduler \u00e4r l\u00e4tta att installera tack vare en enkel plug &amp; play-princip och kan n\u00e4r som helst ut\u00f6kas till upp till tio moduler, dvs. upp till 25,64 kWh lagringskapacitet. Med hj\u00e4lp av detta energilager kan du \u00e4ven anv\u00e4nda den solenergi du genererar p\u00e5 natten eller n\u00e4r himlen \u00e4r molnig och uppleva \u00e4nnu mer oberoende.<\/span><\/p>\n<p><strong><span>Energilagring Growatt ARK 2.5L<\/span><\/strong><\/p>\n<p><strong><span>F\u00f6rdelar:<\/span><\/strong><\/p>\n<ul>\n<li><span>h\u00f6gre energit\u00e4thet<\/span><\/li>\n<li><span>l\u00e5g sj\u00e4lvurladdning vid l\u00e5ngtidsf\u00f6rvaring<\/span><\/li>\n<li><span>h\u00f6g cellsp\u00e4nning<\/span><\/li>\n<li><span>L\u00e4ngre livsl\u00e4ngd \u00e4n traditionell lagring<\/span><\/li>\n<li><span>brett temperaturomr\u00e5de f\u00f6r lagring och drift<\/span><\/li>\n<li><span>anv\u00e4ndarv\u00e4nliga b\u00e4rhandtag<\/span><\/li>\n<li><span>h\u00f6g drifts\u00e4kerhet<\/span><\/li>\n<li><span>h\u00f6g laddnings- och urladdningsprestanda<\/span><\/li>\n<li><span>anv\u00e4ndbar lagringskapacitet 2304 Wh (90%DOD)<\/span><\/li>\n<\/ul>\n<p><strong><span>Till\u00e4mpningsomr\u00e5den:<\/span><\/strong><\/p>\n<ul>\n<li><span>n\u00f6dstr\u00f6msf\u00f6rs\u00f6rjning<\/span><\/li>\n<li><span>f\u00f6r solcellsdrift och anv\u00e4ndning av v\u00e4xelriktare<\/span><\/li>\n<li><span>f\u00f6r fotovoltaiska system och frist\u00e5ende system<\/span><\/li>\n<li><span>f\u00f6r avbrottsfri kraftf\u00f6rs\u00f6rjning (UPS)<\/span><\/li>\n<li><span>universell installation och optimal ekonomi<\/span><\/li>\n<\/ul>\n<\/div>\n<\/div>\n<\/div>\n<\/div>\n<\/div>\n<\/div>\n<\/div>\n<div class=\"widget widget-grid widget-two-col row\">\n<div class=\"widget-inner col-xl-6 widget-prop-xl-3-1 col-lg-6 widget-prop-lg-3-1 col-md-6 widget-prop-md-3-1 col-sm-12 widget-prop-sm-3-1 widget-stacked-mobile col-12 widget-prop-3-1 widget-stacked-mobile\">\n<div><\/div>\n<\/div>\n<div class=\"widget-inner col-xl-6 widget-prop-xl-3-1 col-lg-6 widget-prop-lg-3-1 col-md-6 widget-prop-md-3-1 col-sm-12 widget-prop-sm-3-1 col-12 widget-prop-3-1\">\n<div><\/div>\n<\/div>\n<\/div>\n<div class=\"widget widget-text widget-none mt-5\">\n<div class=\"widget-inner bg-appearance pt-0 pr-0 pb-0 pl-0\"><\/div>\n<\/div>\n","protected":false},"excerpt":{"rendered":"<p>Growatt-batteri ARK-2.5L-A1 SPF Koboltfria litiumlagringsmoduler med LiFePO4-teknik! Under dagen kan du bekv\u00e4mt anv\u00e4nda den egengenererade elen fr\u00e5n ditt solcellssystem. Men vad h\u00e4nder om det blir m\u00f6rkt eller om du producerar mer el \u00e4n du beh\u00f6ver? Eller vill du leva s\u00e5 sj\u00e4lvf\u00f6rs\u00f6rjande som m\u00f6jligt? I detta fall \u00e4r energilagring ett alternativ. Growatt ARK LV lagringsmoduler \u00e4r&hellip;<\/p>\n","protected":false},"featured_media":9020,"comment_status":"open","ping_status":"closed","template":"","meta":[],"product_cat":[776],"product_tag":[],"class_list":{"0":"post-9011","1":"product","2":"type-product","3":"status-publish","4":"has-post-thumbnail","6":"product_cat-fotovoltaiska-byggsatser","8":"first","9":"instock","10":"taxable","11":"shipping-taxable","12":"purchasable","13":"product-type-simple","14":"col-xs-6 col-sm-4","15":"col-md-4 col-lg-4","16":"un-3-cols"},"acf":[],"yoast_head":"<!-- This site is optimized with the Yoast SEO plugin v21.2 - https:\/\/yoast.com\/wordpress\/plugins\/seo\/ -->\n<title>GROWATT BATTERI ARK-2.5L-A1 SPF<\/title>\n<meta name=\"description\" content=\"Order GROWATT BATTERI ARK-2.5L-A1 SPF at a best price.\" \/>\n<meta name=\"robots\" content=\"index, follow, max-snippet:-1, max-image-preview:large, max-video-preview:-1\" \/>\n<link rel=\"canonical\" href=\"https:\/\/fluterm.eu\/sv\/prod\/growatt-batteri-ark-2-5l-a1-spf\/\" \/>\n<meta property=\"og:locale\" content=\"sv_SE\" \/>\n<meta property=\"og:type\" content=\"article\" \/>\n<meta property=\"og:title\" content=\"GROWATT BATTERI ARK-2.5L-A1 SPF\" \/>\n<meta property=\"og:description\" content=\"Order GROWATT BATTERI ARK-2.5L-A1 SPF at a best price.\" \/>\n<meta property=\"og:url\" content=\"https:\/\/fluterm.eu\/sv\/prod\/growatt-batteri-ark-2-5l-a1-spf\/\" \/>\n<meta property=\"og:site_name\" content=\"fluterm.eu\" \/>\n<meta property=\"article:modified_time\" content=\"2023-09-06T10:41:05+00:00\" \/>\n<meta property=\"og:image\" content=\"https:\/\/fluterm.eu\/wp-content\/uploads\/2023\/09\/Ark-2-5L-A1-01.jpeg\" \/>\n\t<meta property=\"og:image:width\" content=\"800\" \/>\n\t<meta property=\"og:image:height\" content=\"514\" \/>\n\t<meta property=\"og:image:type\" content=\"image\/jpeg\" \/>\n<meta name=\"twitter:card\" content=\"summary_large_image\" \/>\n<meta name=\"twitter:label1\" content=\"Ber\u00e4knad l\u00e4stid\" \/>\n\t<meta name=\"twitter:data1\" content=\"1 minut\" \/>\n<script type=\"application\/ld+json\" class=\"yoast-schema-graph\">{\"@context\":\"https:\/\/schema.org\",\"@graph\":[{\"@type\":\"WebPage\",\"@id\":\"https:\/\/fluterm.eu\/sv\/prod\/growatt-batteri-ark-2-5l-a1-spf\/\",\"url\":\"https:\/\/fluterm.eu\/sv\/prod\/growatt-batteri-ark-2-5l-a1-spf\/\",\"name\":\"GROWATT BATTERI ARK-2.5L-A1 SPF\",\"isPartOf\":{\"@id\":\"https:\/\/fluterm.eu\/#website\"},\"datePublished\":\"2023-09-03T12:24:40+00:00\",\"dateModified\":\"2023-09-06T10:41:05+00:00\",\"description\":\"Order GROWATT BATTERI ARK-2.5L-A1 SPF at a best price.\",\"breadcrumb\":{\"@id\":\"https:\/\/fluterm.eu\/sv\/prod\/growatt-batteri-ark-2-5l-a1-spf\/#breadcrumb\"},\"inLanguage\":\"sv-SE\",\"potentialAction\":[{\"@type\":\"ReadAction\",\"target\":[\"https:\/\/fluterm.eu\/sv\/prod\/growatt-batteri-ark-2-5l-a1-spf\/\"]}]},{\"@type\":\"BreadcrumbList\",\"@id\":\"https:\/\/fluterm.eu\/sv\/prod\/growatt-batteri-ark-2-5l-a1-spf\/#breadcrumb\",\"itemListElement\":[{\"@type\":\"ListItem\",\"position\":1,\"name\":\"Home\",\"item\":\"https:\/\/fluterm.eu\/sv\/butik\/\"},{\"@type\":\"ListItem\",\"position\":2,\"name\":\"Butik\",\"item\":\"https:\/\/fluterm.eu\/sv\/butik\/\"},{\"@type\":\"ListItem\",\"position\":3,\"name\":\"GROWATT BATTERI ARK-2.5L-A1 SPF\"}]},{\"@type\":\"WebSite\",\"@id\":\"https:\/\/fluterm.eu\/#website\",\"url\":\"https:\/\/fluterm.eu\/\",\"name\":\"fluterm.eu\",\"description\":\"\",\"potentialAction\":[{\"@type\":\"SearchAction\",\"target\":{\"@type\":\"EntryPoint\",\"urlTemplate\":\"https:\/\/fluterm.eu\/?s={search_term_string}\"},\"query-input\":\"required name=search_term_string\"}],\"inLanguage\":\"sv-SE\"}]}<\/script>\n<!-- \/ Yoast SEO plugin. -->","yoast_head_json":{"title":"GROWATT BATTERI ARK-2.5L-A1 SPF","description":"Order GROWATT BATTERI ARK-2.5L-A1 SPF at a best price.","robots":{"index":"index","follow":"follow","max-snippet":"max-snippet:-1","max-image-preview":"max-image-preview:large","max-video-preview":"max-video-preview:-1"},"canonical":"https:\/\/fluterm.eu\/sv\/prod\/growatt-batteri-ark-2-5l-a1-spf\/","og_locale":"sv_SE","og_type":"article","og_title":"GROWATT BATTERI ARK-2.5L-A1 SPF","og_description":"Order GROWATT BATTERI ARK-2.5L-A1 SPF at a best price.","og_url":"https:\/\/fluterm.eu\/sv\/prod\/growatt-batteri-ark-2-5l-a1-spf\/","og_site_name":"fluterm.eu","article_modified_time":"2023-09-06T10:41:05+00:00","og_image":[{"width":800,"height":514,"url":"https:\/\/fluterm.eu\/wp-content\/uploads\/2023\/09\/Ark-2-5L-A1-01.jpeg","type":"image\/jpeg"}],"twitter_card":"summary_large_image","twitter_misc":{"Ber\u00e4knad l\u00e4stid":"1 minut"},"schema":{"@context":"https:\/\/schema.org","@graph":[{"@type":"WebPage","@id":"https:\/\/fluterm.eu\/sv\/prod\/growatt-batteri-ark-2-5l-a1-spf\/","url":"https:\/\/fluterm.eu\/sv\/prod\/growatt-batteri-ark-2-5l-a1-spf\/","name":"GROWATT BATTERI ARK-2.5L-A1 SPF","isPartOf":{"@id":"https:\/\/fluterm.eu\/#website"},"datePublished":"2023-09-03T12:24:40+00:00","dateModified":"2023-09-06T10:41:05+00:00","description":"Order GROWATT BATTERI ARK-2.5L-A1 SPF at a best price.","breadcrumb":{"@id":"https:\/\/fluterm.eu\/sv\/prod\/growatt-batteri-ark-2-5l-a1-spf\/#breadcrumb"},"inLanguage":"sv-SE","potentialAction":[{"@type":"ReadAction","target":["https:\/\/fluterm.eu\/sv\/prod\/growatt-batteri-ark-2-5l-a1-spf\/"]}]},{"@type":"BreadcrumbList","@id":"https:\/\/fluterm.eu\/sv\/prod\/growatt-batteri-ark-2-5l-a1-spf\/#breadcrumb","itemListElement":[{"@type":"ListItem","position":1,"name":"Home","item":"https:\/\/fluterm.eu\/sv\/butik\/"},{"@type":"ListItem","position":2,"name":"Butik","item":"https:\/\/fluterm.eu\/sv\/butik\/"},{"@type":"ListItem","position":3,"name":"GROWATT BATTERI ARK-2.5L-A1 SPF"}]},{"@type":"WebSite","@id":"https:\/\/fluterm.eu\/#website","url":"https:\/\/fluterm.eu\/","name":"fluterm.eu","description":"","potentialAction":[{"@type":"SearchAction","target":{"@type":"EntryPoint","urlTemplate":"https:\/\/fluterm.eu\/?s={search_term_string}"},"query-input":"required name=search_term_string"}],"inLanguage":"sv-SE"}]}},"_links":{"self":[{"href":"https:\/\/fluterm.eu\/sv\/wp-json\/wp\/v2\/product\/9011","targetHints":{"allow":["GET"]}}],"collection":[{"href":"https:\/\/fluterm.eu\/sv\/wp-json\/wp\/v2\/product"}],"about":[{"href":"https:\/\/fluterm.eu\/sv\/wp-json\/wp\/v2\/types\/product"}],"replies":[{"embeddable":true,"href":"https:\/\/fluterm.eu\/sv\/wp-json\/wp\/v2\/comments?post=9011"}],"version-history":[{"count":1,"href":"https:\/\/fluterm.eu\/sv\/wp-json\/wp\/v2\/product\/9011\/revisions"}],"predecessor-version":[{"id":13905,"href":"https:\/\/fluterm.eu\/sv\/wp-json\/wp\/v2\/product\/9011\/revisions\/13905"}],"wp:featuredmedia":[{"embeddable":true,"href":"https:\/\/fluterm.eu\/sv\/wp-json\/wp\/v2\/media\/9020"}],"wp:attachment":[{"href":"https:\/\/fluterm.eu\/sv\/wp-json\/wp\/v2\/media?parent=9011"}],"wp:term":[{"taxonomy":"product_cat","embeddable":true,"href":"https:\/\/fluterm.eu\/sv\/wp-json\/wp\/v2\/product_cat?post=9011"},{"taxonomy":"product_tag","embeddable":true,"href":"https:\/\/fluterm.eu\/sv\/wp-json\/wp\/v2\/product_tag?post=9011"}],"curies":[{"name":"wp","href":"https:\/\/api.w.org\/{rel}","templated":true}]}}