{"id":9192,"date":"2023-09-03T13:57:55","date_gmt":"2023-09-03T10:57:55","guid":{"rendered":"https:\/\/fluterm.eu\/prod\/growatt-sph6000tl3-bh-up-6-kw-hybridvaxelriktare-med-76-kwh-solcellslager\/"},"modified":"2023-09-06T13:41:07","modified_gmt":"2023-09-06T10:41:07","slug":"growatt-sph6000tl3-bh-up-6-kw-hybridvaxelriktare-med-76-kwh-solcellslager","status":"publish","type":"product","link":"https:\/\/fluterm.eu\/sv\/prod\/growatt-sph6000tl3-bh-up-6-kw-hybridvaxelriktare-med-76-kwh-solcellslager\/","title":{"rendered":"Growatt SPH6000TL3-BH-UP 6 kW hybridv\u00e4xelriktare med 7,6 kWh solcellslager"},"content":{"rendered":"<div class=\"product-properties-description-title\">\n<h2>produktinformation<\/h2>\n<\/div>\n<div class=\"product-detail-properties\">\n<div class=\"row product-detail-properties-container\">\n<div class=\"col-12\">\n<table class=\"table table-striped product-detail-properties-table\">\n<tbody>\n<tr class=\"properties-row clickable\" data-toggle=\"collapse\">\n<th class=\"properties-label\">M\u00e5tt (LxBxH):<\/th>\n<td class=\"properties-value\">610x250x770mm<\/td>\n<\/tr>\n<tr class=\"properties-row\">\n<th class=\"properties-label\">Expanderbar:<\/th>\n<td class=\"properties-value\">Ja<\/td>\n<\/tr>\n<tr class=\"properties-row\">\n<th class=\"properties-label\">Kapacitet i Wh:<\/th>\n<td class=\"properties-value\">7680<\/td>\n<\/tr>\n<tr class=\"properties-row\">\n<th class=\"properties-label\">Kraft i W:<\/th>\n<td class=\"properties-value\">6000<\/td>\n<\/tr>\n<\/tbody>\n<\/table>\n<\/div>\n<\/div>\n<\/div>\n<div class=\"twt-product-detail-properties-info\">Information enligt tillverkaren. Med reservation f\u00f6r fel och \u00e4ndringar.<\/div>\n<div class=\"product-detail-description-text\">\n<h2>Growatt SPH6000TL3-BH-UP 6 kW hybridv\u00e4xelriktare med 7,6 kWh solcellslager<\/h2>\n<p>Dessa produkter v\u00e4ntar p\u00e5 dig i detta paket:<\/p>\n<ul>\n<li>1 Growatt SPH6000TL3-BH-UP 6kW solhybrid v\u00e4xelriktare 3-fas<\/li>\n<li>3 Growatt ARK 2.5H-A1 h\u00f6gsp\u00e4nningsbatteri f\u00f6r SPH och MOD<\/li>\n<li>1 Growatt Smart Meter TPM-E 3-fas<\/li>\n<li>1 Growatt HVC 60050-A1 h\u00f6gsp\u00e4nningsbatterihanteringssystem f\u00f6r ARK HV-system<\/li>\n<li>1 Growatt ARK-2.5H-A1 bas f\u00f6r h\u00f6gsp\u00e4nningsbatterier<\/li>\n<li>1 Growatt ARK-2.5H-A1 h\u00f6gsp\u00e4nningsanslutningskabelsats f\u00f6r SPH<\/li>\n<li>1 Growatt Shine-Wifi-X WiFi-stick<\/li>\n<\/ul>\n<h3>S\u00e5 h\u00e4r imponerar din nya hybridv\u00e4xelriktare<\/h3>\n<p>Growatt SPH6000TL3-BH-UP hybridv\u00e4xelriktare s\u00e4kerst\u00e4ller \u00f6kad egenf\u00f6rbrukning av solenergi och g\u00f6r dig mindre beroende av eln\u00e4tet. Produkten har en maximal uteffekt p\u00e5 6 000 W. Den europeiska effektivitetsniv\u00e5n och d\u00e4rmed verkningsgraden \u00e4r 97,3%. Produkten passar ett system p\u00e5 maximalt 7,8 kWp. \u00c4ven om ditt solsystem best\u00e5r av ytor med olika tjocklek, st\u00f6ds deras optimala prestanda av 2 MPP-trackers i SPH6000TL3-BH-UP.<\/p>\n<h3>ARK 7.6H: Din nya ackumulatortank f\u00f6r solceller i \u00f6verblick<\/h3>\n<p>Det medf\u00f6ljande batterilagret fr\u00e5n Growatt har en kapacitet p\u00e5 7 680 Wh. Detta f\u00f6rr\u00e5d passar ditt solcellssystem. ARK 7.6H passar energibehovet f\u00f6r fyra personer i ett enfamiljshus med elbil eller v\u00e4rmepump. Den ber\u00e4knas med mindre \u00e4n 9.000 kWh per \u00e5r.<\/p>\n<h3>Gr\u00e4nssnitt: Detta \u00e4r hur din solcellsanl\u00e4ggning kommunicerar<\/h3>\n<p>Tillr\u00e4ckliga gr\u00e4nssnitt s\u00e4kerst\u00e4ller att solcellspaketet kan anslutas till andra enheter. Paketet fungerar med dessa gr\u00e4nssnitt:<\/p>\n<ul>\n<li>RS232, RS485, KAN, USB, WLAN<\/li>\n<\/ul>\n<\/div>\n<div class=\"h4 twt-product-properties-description-title\">Tekniska data<\/div>\n<div class=\"product-detail-properties\">\n<div class=\"row product-detail-properties-container\">\n<div class=\"col-12\">\n<table class=\"table table-striped product-detail-properties-table\">\n<tbody>\n<tr class=\"properties-row\">\n<th class=\"properties-label\">Antal MPPT:<\/th>\n<td class=\"properties-value\">2<\/td>\n<\/tr>\n<tr class=\"properties-row\">\n<th class=\"properties-label\">Expanderbar:<\/th>\n<td class=\"properties-value\">Ja<\/td>\n<\/tr>\n<tr class=\"properties-row\">\n<th class=\"properties-label\">Kapacitet i Wh:<\/th>\n<td class=\"properties-value\">7680<\/td>\n<\/tr>\n<tr class=\"properties-row\">\n<th class=\"properties-label\">Kraft i W:<\/th>\n<td class=\"properties-value\">6000<\/td>\n<\/tr>\n<tr class=\"properties-row\">\n<th class=\"properties-label\">Max systemstorlek KWp:<\/th>\n<td class=\"properties-value\">7.8<\/td>\n<\/tr>\n<tr class=\"properties-row\">\n<th class=\"properties-label\">faser:<\/th>\n<td class=\"properties-value\">3<\/td>\n<\/tr>\n<tr class=\"properties-row\">\n<th class=\"properties-label\">Gr\u00e4nssnitt:<\/th>\n<td class=\"properties-value\">RS232, RS485, KAN, USB, WLAN<\/td>\n<\/tr>\n<tr class=\"properties-row\">\n<th class=\"properties-label\">Skyddsklass:<\/th>\n<td class=\"properties-value\">IP65<\/td>\n<\/tr>\n<tr class=\"properties-row\">\n<th class=\"properties-label\">Kopplingstid i ms:<\/th>\n<td class=\"properties-value\">10<\/td>\n<\/tr>\n<tr class=\"properties-row\">\n<th class=\"properties-label\">Verkningsgrad i procent:<\/th>\n<td class=\"properties-value\">97.3<\/td>\n<\/tr>\n<\/tbody>\n<\/table>\n<\/div>\n<\/div>\n<\/div>\n","protected":false},"excerpt":{"rendered":"<p>produktinformation M\u00e5tt (LxBxH): 610x250x770mm Expanderbar: Ja Kapacitet i Wh: 7680 Kraft i W: 6000 Information enligt tillverkaren. Med reservation f\u00f6r fel och \u00e4ndringar. Growatt SPH6000TL3-BH-UP 6 kW hybridv\u00e4xelriktare med 7,6 kWh solcellslager Dessa produkter v\u00e4ntar p\u00e5 dig i detta paket: 1 Growatt SPH6000TL3-BH-UP 6kW solhybrid v\u00e4xelriktare 3-fas 3 Growatt ARK 2.5H-A1 h\u00f6gsp\u00e4nningsbatteri f\u00f6r SPH och&hellip;<\/p>\n","protected":false},"featured_media":9117,"comment_status":"open","ping_status":"closed","template":"","meta":[],"product_cat":[776],"product_tag":[],"class_list":{"0":"post-9192","1":"product","2":"type-product","3":"status-publish","4":"has-post-thumbnail","6":"product_cat-fotovoltaiska-byggsatser","8":"first","9":"instock","10":"taxable","11":"shipping-taxable","12":"purchasable","13":"product-type-simple","14":"col-xs-6 col-sm-4","15":"col-md-4 col-lg-4","16":"un-3-cols"},"acf":[],"yoast_head":"<!-- This site is optimized with the Yoast SEO plugin v21.2 - https:\/\/yoast.com\/wordpress\/plugins\/seo\/ -->\n<title>Growatt SPH6000TL3-BH-UP 6 kW hybridv\u00e4xelriktare med 7,6 kWh solcellslager<\/title>\n<meta name=\"description\" content=\"Order Growatt SPH6000TL3-BH-UP 6 kW hybridv\u00e4xelriktare med 7,6 kWh solcellslager at a best price.\" \/>\n<meta name=\"robots\" content=\"index, follow, max-snippet:-1, max-image-preview:large, max-video-preview:-1\" \/>\n<link rel=\"canonical\" href=\"https:\/\/fluterm.eu\/sv\/prod\/growatt-sph6000tl3-bh-up-6-kw-hybridvaxelriktare-med-76-kwh-solcellslager\/\" \/>\n<meta property=\"og:locale\" content=\"sv_SE\" \/>\n<meta property=\"og:type\" content=\"article\" \/>\n<meta property=\"og:title\" content=\"Growatt SPH6000TL3-BH-UP 6 kW hybridv\u00e4xelriktare med 7,6 kWh solcellslager\" \/>\n<meta property=\"og:description\" content=\"Order Growatt SPH6000TL3-BH-UP 6 kW hybridv\u00e4xelriktare med 7,6 kWh solcellslager at a best price.\" \/>\n<meta property=\"og:url\" content=\"https:\/\/fluterm.eu\/sv\/prod\/growatt-sph6000tl3-bh-up-6-kw-hybridvaxelriktare-med-76-kwh-solcellslager\/\" \/>\n<meta property=\"og:site_name\" content=\"fluterm.eu\" \/>\n<meta property=\"article:modified_time\" content=\"2023-09-06T10:41:07+00:00\" \/>\n<meta property=\"og:image\" content=\"https:\/\/fluterm.eu\/wp-content\/uploads\/2023\/08\/8C2F61C0-EFAD-4C01-9428-CD91962D0463.jpeg\" \/>\n\t<meta property=\"og:image:width\" content=\"560\" \/>\n\t<meta property=\"og:image:height\" content=\"560\" \/>\n\t<meta property=\"og:image:type\" content=\"image\/jpeg\" \/>\n<meta name=\"twitter:card\" content=\"summary_large_image\" \/>\n<meta name=\"twitter:label1\" content=\"Ber\u00e4knad l\u00e4stid\" \/>\n\t<meta name=\"twitter:data1\" content=\"1 minut\" \/>\n<script type=\"application\/ld+json\" class=\"yoast-schema-graph\">{\"@context\":\"https:\/\/schema.org\",\"@graph\":[{\"@type\":\"WebPage\",\"@id\":\"https:\/\/fluterm.eu\/sv\/prod\/growatt-sph6000tl3-bh-up-6-kw-hybridvaxelriktare-med-76-kwh-solcellslager\/\",\"url\":\"https:\/\/fluterm.eu\/sv\/prod\/growatt-sph6000tl3-bh-up-6-kw-hybridvaxelriktare-med-76-kwh-solcellslager\/\",\"name\":\"Growatt SPH6000TL3-BH-UP 6 kW hybridv\u00e4xelriktare med 7,6 kWh solcellslager\",\"isPartOf\":{\"@id\":\"https:\/\/fluterm.eu\/#website\"},\"datePublished\":\"2023-09-03T10:57:55+00:00\",\"dateModified\":\"2023-09-06T10:41:07+00:00\",\"description\":\"Order Growatt SPH6000TL3-BH-UP 6 kW hybridv\u00e4xelriktare med 7,6 kWh solcellslager at a best price.\",\"breadcrumb\":{\"@id\":\"https:\/\/fluterm.eu\/sv\/prod\/growatt-sph6000tl3-bh-up-6-kw-hybridvaxelriktare-med-76-kwh-solcellslager\/#breadcrumb\"},\"inLanguage\":\"sv-SE\",\"potentialAction\":[{\"@type\":\"ReadAction\",\"target\":[\"https:\/\/fluterm.eu\/sv\/prod\/growatt-sph6000tl3-bh-up-6-kw-hybridvaxelriktare-med-76-kwh-solcellslager\/\"]}]},{\"@type\":\"BreadcrumbList\",\"@id\":\"https:\/\/fluterm.eu\/sv\/prod\/growatt-sph6000tl3-bh-up-6-kw-hybridvaxelriktare-med-76-kwh-solcellslager\/#breadcrumb\",\"itemListElement\":[{\"@type\":\"ListItem\",\"position\":1,\"name\":\"Home\",\"item\":\"https:\/\/fluterm.eu\/sv\/butik\/\"},{\"@type\":\"ListItem\",\"position\":2,\"name\":\"Butik\",\"item\":\"https:\/\/fluterm.eu\/sv\/butik\/\"},{\"@type\":\"ListItem\",\"position\":3,\"name\":\"Growatt SPH6000TL3-BH-UP 6 kW hybridv\u00e4xelriktare med 7,6 kWh solcellslager\"}]},{\"@type\":\"WebSite\",\"@id\":\"https:\/\/fluterm.eu\/#website\",\"url\":\"https:\/\/fluterm.eu\/\",\"name\":\"fluterm.eu\",\"description\":\"\",\"potentialAction\":[{\"@type\":\"SearchAction\",\"target\":{\"@type\":\"EntryPoint\",\"urlTemplate\":\"https:\/\/fluterm.eu\/?s={search_term_string}\"},\"query-input\":\"required name=search_term_string\"}],\"inLanguage\":\"sv-SE\"}]}<\/script>\n<!-- \/ Yoast SEO plugin. -->","yoast_head_json":{"title":"Growatt SPH6000TL3-BH-UP 6 kW hybridv\u00e4xelriktare med 7,6 kWh solcellslager","description":"Order Growatt SPH6000TL3-BH-UP 6 kW hybridv\u00e4xelriktare med 7,6 kWh solcellslager at a best price.","robots":{"index":"index","follow":"follow","max-snippet":"max-snippet:-1","max-image-preview":"max-image-preview:large","max-video-preview":"max-video-preview:-1"},"canonical":"https:\/\/fluterm.eu\/sv\/prod\/growatt-sph6000tl3-bh-up-6-kw-hybridvaxelriktare-med-76-kwh-solcellslager\/","og_locale":"sv_SE","og_type":"article","og_title":"Growatt SPH6000TL3-BH-UP 6 kW hybridv\u00e4xelriktare med 7,6 kWh solcellslager","og_description":"Order Growatt SPH6000TL3-BH-UP 6 kW hybridv\u00e4xelriktare med 7,6 kWh solcellslager at a best price.","og_url":"https:\/\/fluterm.eu\/sv\/prod\/growatt-sph6000tl3-bh-up-6-kw-hybridvaxelriktare-med-76-kwh-solcellslager\/","og_site_name":"fluterm.eu","article_modified_time":"2023-09-06T10:41:07+00:00","og_image":[{"width":560,"height":560,"url":"https:\/\/fluterm.eu\/wp-content\/uploads\/2023\/08\/8C2F61C0-EFAD-4C01-9428-CD91962D0463.jpeg","type":"image\/jpeg"}],"twitter_card":"summary_large_image","twitter_misc":{"Ber\u00e4knad l\u00e4stid":"1 minut"},"schema":{"@context":"https:\/\/schema.org","@graph":[{"@type":"WebPage","@id":"https:\/\/fluterm.eu\/sv\/prod\/growatt-sph6000tl3-bh-up-6-kw-hybridvaxelriktare-med-76-kwh-solcellslager\/","url":"https:\/\/fluterm.eu\/sv\/prod\/growatt-sph6000tl3-bh-up-6-kw-hybridvaxelriktare-med-76-kwh-solcellslager\/","name":"Growatt SPH6000TL3-BH-UP 6 kW hybridv\u00e4xelriktare med 7,6 kWh solcellslager","isPartOf":{"@id":"https:\/\/fluterm.eu\/#website"},"datePublished":"2023-09-03T10:57:55+00:00","dateModified":"2023-09-06T10:41:07+00:00","description":"Order Growatt SPH6000TL3-BH-UP 6 kW hybridv\u00e4xelriktare med 7,6 kWh solcellslager at a best price.","breadcrumb":{"@id":"https:\/\/fluterm.eu\/sv\/prod\/growatt-sph6000tl3-bh-up-6-kw-hybridvaxelriktare-med-76-kwh-solcellslager\/#breadcrumb"},"inLanguage":"sv-SE","potentialAction":[{"@type":"ReadAction","target":["https:\/\/fluterm.eu\/sv\/prod\/growatt-sph6000tl3-bh-up-6-kw-hybridvaxelriktare-med-76-kwh-solcellslager\/"]}]},{"@type":"BreadcrumbList","@id":"https:\/\/fluterm.eu\/sv\/prod\/growatt-sph6000tl3-bh-up-6-kw-hybridvaxelriktare-med-76-kwh-solcellslager\/#breadcrumb","itemListElement":[{"@type":"ListItem","position":1,"name":"Home","item":"https:\/\/fluterm.eu\/sv\/butik\/"},{"@type":"ListItem","position":2,"name":"Butik","item":"https:\/\/fluterm.eu\/sv\/butik\/"},{"@type":"ListItem","position":3,"name":"Growatt SPH6000TL3-BH-UP 6 kW hybridv\u00e4xelriktare med 7,6 kWh solcellslager"}]},{"@type":"WebSite","@id":"https:\/\/fluterm.eu\/#website","url":"https:\/\/fluterm.eu\/","name":"fluterm.eu","description":"","potentialAction":[{"@type":"SearchAction","target":{"@type":"EntryPoint","urlTemplate":"https:\/\/fluterm.eu\/?s={search_term_string}"},"query-input":"required name=search_term_string"}],"inLanguage":"sv-SE"}]}},"_links":{"self":[{"href":"https:\/\/fluterm.eu\/sv\/wp-json\/wp\/v2\/product\/9192","targetHints":{"allow":["GET"]}}],"collection":[{"href":"https:\/\/fluterm.eu\/sv\/wp-json\/wp\/v2\/product"}],"about":[{"href":"https:\/\/fluterm.eu\/sv\/wp-json\/wp\/v2\/types\/product"}],"replies":[{"embeddable":true,"href":"https:\/\/fluterm.eu\/sv\/wp-json\/wp\/v2\/comments?post=9192"}],"version-history":[{"count":1,"href":"https:\/\/fluterm.eu\/sv\/wp-json\/wp\/v2\/product\/9192\/revisions"}],"predecessor-version":[{"id":13906,"href":"https:\/\/fluterm.eu\/sv\/wp-json\/wp\/v2\/product\/9192\/revisions\/13906"}],"wp:featuredmedia":[{"embeddable":true,"href":"https:\/\/fluterm.eu\/sv\/wp-json\/wp\/v2\/media\/9117"}],"wp:attachment":[{"href":"https:\/\/fluterm.eu\/sv\/wp-json\/wp\/v2\/media?parent=9192"}],"wp:term":[{"taxonomy":"product_cat","embeddable":true,"href":"https:\/\/fluterm.eu\/sv\/wp-json\/wp\/v2\/product_cat?post=9192"},{"taxonomy":"product_tag","embeddable":true,"href":"https:\/\/fluterm.eu\/sv\/wp-json\/wp\/v2\/product_tag?post=9192"}],"curies":[{"name":"wp","href":"https:\/\/api.w.org\/{rel}","templated":true}]}}