{"id":9821,"date":"2023-08-23T11:02:32","date_gmt":"2023-08-23T08:02:32","guid":{"rendered":"https:\/\/fluterm.eu\/prod\/huawei-hybrid-sun2000-5ktl-l1-inverterar-5-000w-enfas\/"},"modified":"2023-09-16T00:55:58","modified_gmt":"2023-09-15T21:55:58","slug":"huawei-hybrid-sun2000-5ktl-l1-inverterar-5-000w-enfas","status":"publish","type":"product","link":"https:\/\/fluterm.eu\/sv\/prod\/huawei-hybrid-sun2000-5ktl-l1-inverterar-5-000w-enfas\/","title":{"rendered":"Huawei Hybrid SUN2000-5KTL-L1 Inverterar &#8211; 5.000W enfas"},"content":{"rendered":"<p>Huawei <strong>SUN2000L-5KTL-L1<\/strong> hybridv\u00e4xelriktare \u00e4r en del av Huaweis innovativa nya sortiment av v\u00e4xelriktare f\u00f6r bost\u00e4der. Denna intelligenta v\u00e4xelriktare fr\u00e5n Huawei har aktivt skydd mot ljusb\u00e5gar, h\u00f6gre effektivitet med upp till 30% mer energi tack vare de nya SUN2000-450W-P-optimerarna och erbjuder ocks\u00e5 m\u00f6jligheten att ansluta litiumackumulatorbatterier som lg 10 charm eller det nya modul\u00e4ra batteriet fr\u00e5n Huawei LUNA2000-SO.<\/p>\n","protected":false},"excerpt":{"rendered":"<p>Huawei SUN2000L-5KTL-L1 hybridv\u00e4xelriktare \u00e4r en del av Huaweis innovativa nya sortiment av v\u00e4xelriktare f\u00f6r bost\u00e4der. Denna intelligenta v\u00e4xelriktare fr\u00e5n Huawei har aktivt skydd mot ljusb\u00e5gar, h\u00f6gre effektivitet med upp till 30% mer energi tack vare de nya SUN2000-450W-P-optimerarna och erbjuder ocks\u00e5 m\u00f6jligheten att ansluta litiumackumulatorbatterier som lg 10 charm eller det nya modul\u00e4ra batteriet fr\u00e5n&hellip;<\/p>\n","protected":false},"featured_media":9805,"comment_status":"open","ping_status":"closed","template":"","meta":[],"product_cat":[776],"product_tag":[],"class_list":{"0":"post-9821","1":"product","2":"type-product","3":"status-publish","4":"has-post-thumbnail","6":"product_cat-fotovoltaiska-byggsatser","8":"first","9":"instock","10":"taxable","11":"shipping-taxable","12":"purchasable","13":"product-type-simple","14":"col-xs-6 col-sm-4","15":"col-md-4 col-lg-4","16":"un-3-cols"},"acf":[],"yoast_head":"<!-- This site is optimized with the Yoast SEO plugin v21.2 - https:\/\/yoast.com\/wordpress\/plugins\/seo\/ -->\n<title>Huawei Hybrid SUN2000-5KTL-L1 Inverterar - 5.000W enfas<\/title>\n<meta name=\"description\" content=\"Order Huawei Hybrid SUN2000-5KTL-L1 Inverterar - 5.000W enfas at a best price.\" \/>\n<meta name=\"robots\" content=\"index, follow, max-snippet:-1, max-image-preview:large, max-video-preview:-1\" \/>\n<link rel=\"canonical\" href=\"https:\/\/fluterm.eu\/sv\/prod\/huawei-hybrid-sun2000-5ktl-l1-inverterar-5-000w-enfas\/\" \/>\n<meta property=\"og:locale\" content=\"sv_SE\" \/>\n<meta property=\"og:type\" content=\"article\" \/>\n<meta property=\"og:title\" content=\"Huawei Hybrid SUN2000-5KTL-L1 Inverterar - 5.000W enfas\" \/>\n<meta property=\"og:description\" content=\"Order Huawei Hybrid SUN2000-5KTL-L1 Inverterar - 5.000W enfas at a best price.\" \/>\n<meta property=\"og:url\" content=\"https:\/\/fluterm.eu\/sv\/prod\/huawei-hybrid-sun2000-5ktl-l1-inverterar-5-000w-enfas\/\" \/>\n<meta property=\"og:site_name\" content=\"fluterm.eu\" \/>\n<meta property=\"article:modified_time\" content=\"2023-09-15T21:55:58+00:00\" \/>\n<meta property=\"og:image\" content=\"https:\/\/fluterm.eu\/wp-content\/uploads\/2023\/08\/35E72A15-B2C9-4988-86E8-3F18C03F1AE3.jpeg\" \/>\n\t<meta property=\"og:image:width\" content=\"432\" \/>\n\t<meta property=\"og:image:height\" content=\"432\" \/>\n\t<meta property=\"og:image:type\" content=\"image\/jpeg\" \/>\n<meta name=\"twitter:card\" content=\"summary_large_image\" \/>\n<script type=\"application\/ld+json\" class=\"yoast-schema-graph\">{\"@context\":\"https:\/\/schema.org\",\"@graph\":[{\"@type\":\"WebPage\",\"@id\":\"https:\/\/fluterm.eu\/sv\/prod\/huawei-hybrid-sun2000-5ktl-l1-inverterar-5-000w-enfas\/\",\"url\":\"https:\/\/fluterm.eu\/sv\/prod\/huawei-hybrid-sun2000-5ktl-l1-inverterar-5-000w-enfas\/\",\"name\":\"Huawei Hybrid SUN2000-5KTL-L1 Inverterar - 5.000W enfas\",\"isPartOf\":{\"@id\":\"https:\/\/fluterm.eu\/#website\"},\"datePublished\":\"2023-08-23T08:02:32+00:00\",\"dateModified\":\"2023-09-15T21:55:58+00:00\",\"description\":\"Order Huawei Hybrid SUN2000-5KTL-L1 Inverterar - 5.000W enfas at a best price.\",\"breadcrumb\":{\"@id\":\"https:\/\/fluterm.eu\/sv\/prod\/huawei-hybrid-sun2000-5ktl-l1-inverterar-5-000w-enfas\/#breadcrumb\"},\"inLanguage\":\"sv-SE\",\"potentialAction\":[{\"@type\":\"ReadAction\",\"target\":[\"https:\/\/fluterm.eu\/sv\/prod\/huawei-hybrid-sun2000-5ktl-l1-inverterar-5-000w-enfas\/\"]}]},{\"@type\":\"BreadcrumbList\",\"@id\":\"https:\/\/fluterm.eu\/sv\/prod\/huawei-hybrid-sun2000-5ktl-l1-inverterar-5-000w-enfas\/#breadcrumb\",\"itemListElement\":[{\"@type\":\"ListItem\",\"position\":1,\"name\":\"Home\",\"item\":\"https:\/\/fluterm.eu\/sv\/butik\/\"},{\"@type\":\"ListItem\",\"position\":2,\"name\":\"Butik\",\"item\":\"https:\/\/fluterm.eu\/sv\/butik\/\"},{\"@type\":\"ListItem\",\"position\":3,\"name\":\"Huawei Hybrid SUN2000-5KTL-L1 Inverterar &#8211; 5.000W enfas\"}]},{\"@type\":\"WebSite\",\"@id\":\"https:\/\/fluterm.eu\/#website\",\"url\":\"https:\/\/fluterm.eu\/\",\"name\":\"fluterm.eu\",\"description\":\"\",\"potentialAction\":[{\"@type\":\"SearchAction\",\"target\":{\"@type\":\"EntryPoint\",\"urlTemplate\":\"https:\/\/fluterm.eu\/?s={search_term_string}\"},\"query-input\":\"required name=search_term_string\"}],\"inLanguage\":\"sv-SE\"}]}<\/script>\n<!-- \/ Yoast SEO plugin. -->","yoast_head_json":{"title":"Huawei Hybrid SUN2000-5KTL-L1 Inverterar - 5.000W enfas","description":"Order Huawei Hybrid SUN2000-5KTL-L1 Inverterar - 5.000W enfas at a best price.","robots":{"index":"index","follow":"follow","max-snippet":"max-snippet:-1","max-image-preview":"max-image-preview:large","max-video-preview":"max-video-preview:-1"},"canonical":"https:\/\/fluterm.eu\/sv\/prod\/huawei-hybrid-sun2000-5ktl-l1-inverterar-5-000w-enfas\/","og_locale":"sv_SE","og_type":"article","og_title":"Huawei Hybrid SUN2000-5KTL-L1 Inverterar - 5.000W enfas","og_description":"Order Huawei Hybrid SUN2000-5KTL-L1 Inverterar - 5.000W enfas at a best price.","og_url":"https:\/\/fluterm.eu\/sv\/prod\/huawei-hybrid-sun2000-5ktl-l1-inverterar-5-000w-enfas\/","og_site_name":"fluterm.eu","article_modified_time":"2023-09-15T21:55:58+00:00","og_image":[{"width":432,"height":432,"url":"https:\/\/fluterm.eu\/wp-content\/uploads\/2023\/08\/35E72A15-B2C9-4988-86E8-3F18C03F1AE3.jpeg","type":"image\/jpeg"}],"twitter_card":"summary_large_image","schema":{"@context":"https:\/\/schema.org","@graph":[{"@type":"WebPage","@id":"https:\/\/fluterm.eu\/sv\/prod\/huawei-hybrid-sun2000-5ktl-l1-inverterar-5-000w-enfas\/","url":"https:\/\/fluterm.eu\/sv\/prod\/huawei-hybrid-sun2000-5ktl-l1-inverterar-5-000w-enfas\/","name":"Huawei Hybrid SUN2000-5KTL-L1 Inverterar - 5.000W enfas","isPartOf":{"@id":"https:\/\/fluterm.eu\/#website"},"datePublished":"2023-08-23T08:02:32+00:00","dateModified":"2023-09-15T21:55:58+00:00","description":"Order Huawei Hybrid SUN2000-5KTL-L1 Inverterar - 5.000W enfas at a best price.","breadcrumb":{"@id":"https:\/\/fluterm.eu\/sv\/prod\/huawei-hybrid-sun2000-5ktl-l1-inverterar-5-000w-enfas\/#breadcrumb"},"inLanguage":"sv-SE","potentialAction":[{"@type":"ReadAction","target":["https:\/\/fluterm.eu\/sv\/prod\/huawei-hybrid-sun2000-5ktl-l1-inverterar-5-000w-enfas\/"]}]},{"@type":"BreadcrumbList","@id":"https:\/\/fluterm.eu\/sv\/prod\/huawei-hybrid-sun2000-5ktl-l1-inverterar-5-000w-enfas\/#breadcrumb","itemListElement":[{"@type":"ListItem","position":1,"name":"Home","item":"https:\/\/fluterm.eu\/sv\/butik\/"},{"@type":"ListItem","position":2,"name":"Butik","item":"https:\/\/fluterm.eu\/sv\/butik\/"},{"@type":"ListItem","position":3,"name":"Huawei Hybrid SUN2000-5KTL-L1 Inverterar &#8211; 5.000W enfas"}]},{"@type":"WebSite","@id":"https:\/\/fluterm.eu\/#website","url":"https:\/\/fluterm.eu\/","name":"fluterm.eu","description":"","potentialAction":[{"@type":"SearchAction","target":{"@type":"EntryPoint","urlTemplate":"https:\/\/fluterm.eu\/?s={search_term_string}"},"query-input":"required name=search_term_string"}],"inLanguage":"sv-SE"}]}},"_links":{"self":[{"href":"https:\/\/fluterm.eu\/sv\/wp-json\/wp\/v2\/product\/9821","targetHints":{"allow":["GET"]}}],"collection":[{"href":"https:\/\/fluterm.eu\/sv\/wp-json\/wp\/v2\/product"}],"about":[{"href":"https:\/\/fluterm.eu\/sv\/wp-json\/wp\/v2\/types\/product"}],"replies":[{"embeddable":true,"href":"https:\/\/fluterm.eu\/sv\/wp-json\/wp\/v2\/comments?post=9821"}],"version-history":[{"count":1,"href":"https:\/\/fluterm.eu\/sv\/wp-json\/wp\/v2\/product\/9821\/revisions"}],"predecessor-version":[{"id":13932,"href":"https:\/\/fluterm.eu\/sv\/wp-json\/wp\/v2\/product\/9821\/revisions\/13932"}],"wp:featuredmedia":[{"embeddable":true,"href":"https:\/\/fluterm.eu\/sv\/wp-json\/wp\/v2\/media\/9805"}],"wp:attachment":[{"href":"https:\/\/fluterm.eu\/sv\/wp-json\/wp\/v2\/media?parent=9821"}],"wp:term":[{"taxonomy":"product_cat","embeddable":true,"href":"https:\/\/fluterm.eu\/sv\/wp-json\/wp\/v2\/product_cat?post=9821"},{"taxonomy":"product_tag","embeddable":true,"href":"https:\/\/fluterm.eu\/sv\/wp-json\/wp\/v2\/product_tag?post=9821"}],"curies":[{"name":"wp","href":"https:\/\/api.w.org\/{rel}","templated":true}]}}